{"id":102,"date":"2020-08-27T16:11:17","date_gmt":"2020-08-27T14:11:17","guid":{"rendered":"http:\/\/www.cliniquedudroit.fr\/?page_id=102"},"modified":"2020-08-27T16:11:52","modified_gmt":"2020-08-27T14:11:52","slug":"les-themathiques-juridiques-traites","status":"publish","type":"page","link":"https:\/\/www.cliniquedudroit.fr\/index.php\/les-themathiques-juridiques-traites\/","title":{"rendered":"Les th\u00e9matiques juridiques trait\u00e9es"},"content":{"rendered":"\n<p>La Clinique du droit vous apporte un \u00e9clairage juridique sur les probl\u00e8mes que vous rencontrez, en vous apportant une information sur le droit applicable et les \u00e9ventuelles d\u00e9marches possibles dans votre situation. Ce service est totalement gratuit et confidentiel. De votre c\u00f4t\u00e9, vous permettez \u00e0 des \u00e9tudiants en derni\u00e8re ann\u00e9e de droit de mettre en pratique 5 ann\u00e9es d\u2019\u00e9tudes.\u00a0Nous sommes organis\u00e9s en Cat\u00e9gories th\u00e9matiques, chacune \u00e9tant compos\u00e9e d\u2019\u00e9quipes sp\u00e9cialis\u00e9es.<\/p>\n\n\n\n<p class=\"has-text-color has-luminous-vivid-orange-color\"><strong>Th\u00e9matiques trait\u00e9es lors des permanences du mardi&nbsp;:<\/strong><\/p>\n\n\n\n<p><strong>Consommation, surendettement, contrats<\/strong>&nbsp;:\npour des questions li\u00e9es \u00e0 des cr\u00e9dits, pr\u00eats, droit du bail (locataire et\npropri\u00e9taire), dettes, d\u00e9marches aupr\u00e8s d\u2019huissiers, d\u00e9p\u00f4t de dossier de\nsurendettement aupr\u00e8s de la Banque de France, contrats de consommation ou\nautres (r\u00e9siliation, clauses, remboursement), liquidation, etc.<\/p>\n\n\n\n<p><strong>Droit p\u00e9nal<\/strong>&nbsp;: pour des\nquestions li\u00e9es \u00e0 des amendes, contraventions, d\u00e9lits, ou sur des proc\u00e9dures\n(garde \u00e0 vue, mise en examen, audition libre, convocation au tribunal) etc.<\/p>\n\n\n\n<p><strong>Droit de la famille<\/strong>&nbsp;: pour\ndes questions li\u00e9es au mariage, concubinage, pacs, s\u00e9paration, divorce,\nsuccession, obligations parents-enfants, mise sous tutelle, mise sous\ncuratelle, droits de visite et de garde, pensions alimentaires, et plus\ng\u00e9n\u00e9ralement droit des personnes, etc.<\/p>\n\n\n\n<p><strong>Urbanisme<\/strong>&nbsp;: pour toute\nquestion li\u00e9e \u00e0 un permis de construire, permis de d\u00e9molition, demande\nd\u2019autorisation de travaux, syndicat de copropri\u00e9t\u00e9, plan d\u2019urbanisme local,\netc.<\/p>\n\n\n\n<p><strong>Droit des affaires<\/strong>&nbsp;: pour\ntoute question li\u00e9e \u00e0 l\u2019achat ou la vente d\u2019un fonds de commerce, \u00e0 un bail\ncommercial, franchise, \u00e0 une cr\u00e9ation d\u2019entreprise, etc.<\/p>\n\n\n\n<p class=\"has-text-color has-luminous-vivid-orange-color\"><strong>Th\u00e9matiques trait\u00e9es lors des permanences du jeudi&nbsp;<\/strong>:<\/p>\n\n\n\n<p><strong>Droit social<\/strong>&nbsp;: pour toute\nquestion li\u00e9e \u00e0 un recrutement, contrat de travail, licenciement, rupture\nconventionnelle, types de contrats de travail (CDD, CDI, CUI\/CAE\u2026),\nharc\u00e8lement, s\u00e9curit\u00e9 sociale, cong\u00e9s, allocations ch\u00f4mage, sant\u00e9 et s\u00e9curit\u00e9\nau travail, retraite, etc.<\/p>\n\n\n\n<p><strong>Assurances et responsabilit\u00e9s&nbsp;: <\/strong>pour\ntoute question li\u00e9e \u00e0 une assurance, une garantie, la responsabilit\u00e9 d\u2019un tiers\ndans un accident\/maladie, le droit \u00e0 la sant\u00e9 (m\u00e9dicaments autoris\u00e9s, d\u00e9but et\nfin de vie, etc.)<\/p>\n\n\n\n<p><strong>Fonction publique<\/strong>&nbsp;: pour\ntoute les questions li\u00e9es au statut de fonctionnaire ou au droit\npublic\/administratif en g\u00e9n\u00e9ral<\/p>\n\n\n\n<p><strong>Droit des \u00e9trangers\/ Droit international<\/strong>&nbsp;:\npour toute question relative \u00e0 un titre de s\u00e9jour (obtention, refus,\nd\u00e9marches), \u00e0 la nationalit\u00e9 fran\u00e7aise, \u00e0 une demande d\u2019asile, \u00e0 l\u2019apatridie, \u00e0\nun permis de travail, \u00e0 une obligation de quitter le territoire, ou \u00e0 une\nquestion de droit portant sur le droit d\u2019un autre pays (exemple&nbsp;: droits\nde succession dans un autre pays, etc.)<\/p>\n\n\n\n<p><\/p>\n\n\n\n<p><em>Cette liste est non exhaustive. Si vous rencontrez des difficult\u00e9s juridiques, <\/em><a href=\"https:\/\/web.archive.org\/web\/20200228213811\/http:\/www.cliniquedudroit.fr\/etre-recu\/contact\/\"><em>n\u2019h\u00e9sitez pas \u00e0 nous contacter<\/em><\/a><em> pour que nous puissions \u00e9valuer si nous disposons des ressources pour vous r\u00e9pondre, ou que nous vous r\u00e9orientons vers un organisme susceptible de vous aider. <\/em><\/p>\n\n\n\n<p>Liste des professeurs-r\u00e9f\u00e9rents qui supervisent :<\/p>\n\n\n\n<div class=\"wp-block-image\"><figure class=\"aligncenter\"><img loading=\"lazy\" decoding=\"async\" width=\"418\" height=\"425\" src=\"http:\/\/www.cliniquedudroit.fr\/wp-content\/uploads\/2020\/08\/Liste-r\u00e9f\u00e9rents.png\" alt=\"\" class=\"wp-image-103\" srcset=\"https:\/\/www.cliniquedudroit.fr\/wp-content\/uploads\/2020\/08\/Liste-r\u00e9f\u00e9rents.png 418w, https:\/\/www.cliniquedudroit.fr\/wp-content\/uploads\/2020\/08\/Liste-r\u00e9f\u00e9rents-295x300.png 295w\" sizes=\"(max-width: 418px) 100vw, 418px\" \/><\/figure><\/div>\n\n\n\n<p><br><\/p>\n","protected":false},"excerpt":{"rendered":"<p>La Clinique du droit vous apporte un \u00e9clairage juridique sur les probl\u00e8mes que vous rencontrez, en vous apportant une information sur le droit applicable et les \u00e9ventuelles d\u00e9marches possibles dans votre situation. Ce service est totalement gratuit et confidentiel. De votre c\u00f4t\u00e9, vous permettez \u00e0 des \u00e9tudiants en derni\u00e8re ann\u00e9e de droit de mettre en [&hellip;]<\/p>\n","protected":false},"author":1,"featured_media":0,"parent":0,"menu_order":0,"comment_status":"closed","ping_status":"closed","template":"","meta":{"footnotes":""},"_links":{"self":[{"href":"https:\/\/www.cliniquedudroit.fr\/index.php\/wp-json\/wp\/v2\/pages\/102"}],"collection":[{"href":"https:\/\/www.cliniquedudroit.fr\/index.php\/wp-json\/wp\/v2\/pages"}],"about":[{"href":"https:\/\/www.cliniquedudroit.fr\/index.php\/wp-json\/wp\/v2\/types\/page"}],"author":[{"embeddable":true,"href":"https:\/\/www.cliniquedudroit.fr\/index.php\/wp-json\/wp\/v2\/users\/1"}],"replies":[{"embeddable":true,"href":"https:\/\/www.cliniquedudroit.fr\/index.php\/wp-json\/wp\/v2\/comments?post=102"}],"version-history":[{"count":3,"href":"https:\/\/www.cliniquedudroit.fr\/index.php\/wp-json\/wp\/v2\/pages\/102\/revisions"}],"predecessor-version":[{"id":106,"href":"https:\/\/www.cliniquedudroit.fr\/index.php\/wp-json\/wp\/v2\/pages\/102\/revisions\/106"}],"wp:attachment":[{"href":"https:\/\/www.cliniquedudroit.fr\/index.php\/wp-json\/wp\/v2\/media?parent=102"}],"curies":[{"name":"wp","href":"https:\/\/api.w.org\/{rel}","templated":true}]}}