{"id":135,"date":"2020-08-27T17:01:48","date_gmt":"2020-08-27T15:01:48","guid":{"rendered":"http:\/\/www.cliniquedudroit.fr\/?page_id=135"},"modified":"2022-08-19T10:44:20","modified_gmt":"2022-08-19T08:44:20","slug":"nous-contacter","status":"publish","type":"page","link":"https:\/\/www.cliniquedudroit.fr\/index.php\/nous-contacter\/","title":{"rendered":"NOUS CONTACTER, NOUS RENCONTRER"},"content":{"rendered":"\n<h5 class=\"wp-block-heading\"><br>N\u2019h\u00e9sitez pas \u00e0  nous contacter pour toute demande. Nous saurons vous orienter si besoin. <\/h5>\n\n\n\n<p><\/p>\n\n\n\n<p><\/p>\n\n\n\n<ul><li>Par t\u00e9l\u00e9phone : 05 56 84 62 87 &#8211; <em>du lundi au vendredi de 9h \u00e0 17h<\/em><\/li><li>Par courriel : cliniquedudroit@u-bordeaux.fr <\/li><li>Au travers de notre formulaire ci-dessous :<\/li><\/ul>\n\n\n\n<div class=\"wpcf7 no-js\" id=\"wpcf7-f151-o1\" lang=\"fr-FR\" dir=\"ltr\">\n<div class=\"screen-reader-response\"><p role=\"status\" aria-live=\"polite\" aria-atomic=\"true\"><\/p> <ul><\/ul><\/div>\n<form action=\"\/index.php\/wp-json\/wp\/v2\/pages\/135#wpcf7-f151-o1\" method=\"post\" class=\"wpcf7-form init\" aria-label=\"Formulaire de contact\" novalidate=\"novalidate\" data-status=\"init\">\n<div style=\"display: none;\">\n<input type=\"hidden\" name=\"_wpcf7\" value=\"151\" \/>\n<input type=\"hidden\" name=\"_wpcf7_version\" value=\"5.9.8\" \/>\n<input type=\"hidden\" name=\"_wpcf7_locale\" value=\"fr_FR\" \/>\n<input type=\"hidden\" name=\"_wpcf7_unit_tag\" value=\"wpcf7-f151-o1\" \/>\n<input type=\"hidden\" name=\"_wpcf7_container_post\" value=\"0\" \/>\n<input type=\"hidden\" name=\"_wpcf7_posted_data_hash\" value=\"\" \/>\n<input type=\"hidden\" name=\"_wpcf7_recaptcha_response\" value=\"\" \/>\n<\/div>\n<p><label> Votre nom (obligatoire)<br \/>\n<span class=\"wpcf7-form-control-wrap\" data-name=\"your-name\"><input size=\"40\" maxlength=\"400\" class=\"wpcf7-form-control wpcf7-text wpcf7-validates-as-required\" aria-required=\"true\" aria-invalid=\"false\" value=\"\" type=\"text\" name=\"your-name\" \/><\/span> <\/label>\n<\/p>\n<p><label> Votre adresse de messagerie (obligatoire)<br \/>\n<span class=\"wpcf7-form-control-wrap\" data-name=\"your-email\"><input size=\"40\" maxlength=\"400\" class=\"wpcf7-form-control wpcf7-email wpcf7-validates-as-required wpcf7-text wpcf7-validates-as-email\" aria-required=\"true\" aria-invalid=\"false\" value=\"\" type=\"email\" name=\"your-email\" \/><\/span> <\/label>\n<\/p>\n<p><label> Objet<br \/>\n<span class=\"wpcf7-form-control-wrap\" data-name=\"your-subject\"><input size=\"40\" maxlength=\"400\" class=\"wpcf7-form-control wpcf7-text\" aria-invalid=\"false\" value=\"\" type=\"text\" name=\"your-subject\" \/><\/span> <\/label>\n<\/p>\n<p><label> Votre message<br \/>\n<span class=\"wpcf7-form-control-wrap\" data-name=\"your-message\"><textarea cols=\"40\" rows=\"10\" maxlength=\"2000\" class=\"wpcf7-form-control wpcf7-textarea\" aria-invalid=\"false\" name=\"your-message\"><\/textarea><\/span> <\/label><br \/>\n<input class=\"wpcf7-form-control wpcf7-submit has-spinner\" type=\"submit\" value=\"Envoyer\" \/>\n<\/p><div class=\"wpcf7-response-output\" aria-hidden=\"true\"><\/div>\n<\/form>\n<\/div>\n\n\n\n\n<p><\/p>\n\n\n\n<p><\/p>\n\n\n\n<p><\/p>\n\n\n\n<h5 class=\"wp-block-heading\">La Clinique du droit se situe au 35 Place Pey Berland \u00e0 Bordeaux (juste \u00e0 c\u00f4t\u00e9 de l&#8217;H\u00f4tel de ville). Elle est au dernier \u00e9tage (avec ascenseur) du b\u00e2timent appel\u00e9 P\u00f4le Juridique et Judiciaire. <\/h5>\n\n\n\n<h5 class=\"wp-block-heading\">La Clinique est accessible via le tram A (arr\u00eat H\u00f4tel de ville) et les bus 1, 4, 15, 16 et 83 (arr\u00eat Palais de justice).<\/h5>\n\n\n","protected":false},"excerpt":{"rendered":"<p>N\u2019h\u00e9sitez pas \u00e0 nous contacter pour toute demande. Nous saurons vous orienter si besoin. Par t\u00e9l\u00e9phone : 05 56 84 62 87 &#8211; du lundi au vendredi de 9h \u00e0 17h Par courriel : cliniquedudroit@u-bordeaux.fr Au travers de notre formulaire ci-dessous : La Clinique du droit se situe au 35 Place Pey Berland \u00e0 Bordeaux [&hellip;]<\/p>\n","protected":false},"author":1,"featured_media":0,"parent":0,"menu_order":0,"comment_status":"closed","ping_status":"closed","template":"","meta":{"footnotes":""},"_links":{"self":[{"href":"https:\/\/www.cliniquedudroit.fr\/index.php\/wp-json\/wp\/v2\/pages\/135"}],"collection":[{"href":"https:\/\/www.cliniquedudroit.fr\/index.php\/wp-json\/wp\/v2\/pages"}],"about":[{"href":"https:\/\/www.cliniquedudroit.fr\/index.php\/wp-json\/wp\/v2\/types\/page"}],"author":[{"embeddable":true,"href":"https:\/\/www.cliniquedudroit.fr\/index.php\/wp-json\/wp\/v2\/users\/1"}],"replies":[{"embeddable":true,"href":"https:\/\/www.cliniquedudroit.fr\/index.php\/wp-json\/wp\/v2\/comments?post=135"}],"version-history":[{"count":6,"href":"https:\/\/www.cliniquedudroit.fr\/index.php\/wp-json\/wp\/v2\/pages\/135\/revisions"}],"predecessor-version":[{"id":924,"href":"https:\/\/www.cliniquedudroit.fr\/index.php\/wp-json\/wp\/v2\/pages\/135\/revisions\/924"}],"wp:attachment":[{"href":"https:\/\/www.cliniquedudroit.fr\/index.php\/wp-json\/wp\/v2\/media?parent=135"}],"curies":[{"name":"wp","href":"https:\/\/api.w.org\/{rel}","templated":true}]}}