{"id":154,"date":"2020-08-27T22:21:05","date_gmt":"2020-08-27T20:21:05","guid":{"rendered":"http:\/\/www.cliniquedudroit.fr\/?page_id=154"},"modified":"2025-10-07T12:26:05","modified_gmt":"2025-10-07T10:26:05","slug":"lequipe","status":"publish","type":"page","link":"https:\/\/www.cliniquedudroit.fr\/index.php\/lequipe\/","title":{"rendered":"L&#8217;EQUIPE"},"content":{"rendered":"\n<p>La Clinique du droit est dirig\u00e9e par<strong> Marie LAMARCHE<\/strong>, professeur de droit priv\u00e9 et sciences criminelles \u00e0 l\u2019universit\u00e9 de Bordeaux.<\/p>\n\n\n\n<p><\/p>\n\n\n\n<p>La Clinique repose \u00e9galement sur la participation des <strong>responsables p\u00e9dagogiques des enseignements<\/strong> cliniques Emmanuelle BURGAUD &#8211; <em>Ma\u00eetre de conf\u00e9rences HDR en histoire du droit et des institutions<\/em>, C\u00e9cile CASTAING \u2013 <em>professeur de droit public<\/em> et S\u00e9bastien TOURNAUX, <em>professeur de droit priv\u00e9 et sciences criminelles<\/em>.&nbsp;<\/p>\n\n\n\n<p>Le fonctionnement de la Clinique est assur\u00e9 par <strong>l\u2019\u00e9quipe administrative et de projets<\/strong> qui est compos\u00e9e de Jo\u00eblle Pargade, Broquere Margot, Demen Emma, Emery Cassandre.<\/p>\n\n\n\n<p>De nombreux enseignants-chercheurs s\u2019investissent au sein de la Clinique du droit en se positionnant comme <strong>r\u00e9f\u00e9rents dans les divers enseignements<\/strong> et contr\u00f4lent ainsi les travaux effectu\u00e9s par nos \u00e9tudiants&nbsp;: C\u00e9cile ARNAUDIN, Maryse BADEL, Elisa BARON, C\u00e9cile CASTAING, Thomas HERRAN, Fabrice HOURQUEBIE, Fr\u00e9d\u00e9rique JULIENNE, Marion LACAZE, Marie LAMARCHE, Julien MARTIN, B\u00e9reng\u00e8re MELIN-SOUCRAMANIEN, Fran\u00e7ois PETIT, Jean-Marie PLAZY, Marie-Claire PONTHOREAU, J\u00e9r\u00f4me PORTE, Xavier PREVOST, Fr\u00e9d\u00e9rique RUEDA, Jean SAGOT-DUVAUROUX H\u00e9l\u00e8ne SKRYPNIAK, Marion TISSIER, S\u00e9bastien TOURNAUX, Julien VALIERGUE, J\u00e9r\u00f4me Casey  et Marianne VILLEMONTEIX.<\/p>\n","protected":false},"excerpt":{"rendered":"<p>La Clinique du droit est dirig\u00e9e par Marie LAMARCHE, professeur de droit priv\u00e9 et sciences criminelles \u00e0 l\u2019universit\u00e9 de Bordeaux. La Clinique repose \u00e9galement sur la participation des responsables p\u00e9dagogiques des enseignements cliniques Emmanuelle BURGAUD &#8211; Ma\u00eetre de conf\u00e9rences HDR en histoire du droit et des institutions, C\u00e9cile CASTAING \u2013 professeur de droit public et [&hellip;]<\/p>\n","protected":false},"author":1,"featured_media":0,"parent":0,"menu_order":0,"comment_status":"closed","ping_status":"closed","template":"","meta":{"footnotes":""},"_links":{"self":[{"href":"https:\/\/www.cliniquedudroit.fr\/index.php\/wp-json\/wp\/v2\/pages\/154"}],"collection":[{"href":"https:\/\/www.cliniquedudroit.fr\/index.php\/wp-json\/wp\/v2\/pages"}],"about":[{"href":"https:\/\/www.cliniquedudroit.fr\/index.php\/wp-json\/wp\/v2\/types\/page"}],"author":[{"embeddable":true,"href":"https:\/\/www.cliniquedudroit.fr\/index.php\/wp-json\/wp\/v2\/users\/1"}],"replies":[{"embeddable":true,"href":"https:\/\/www.cliniquedudroit.fr\/index.php\/wp-json\/wp\/v2\/comments?post=154"}],"version-history":[{"count":13,"href":"https:\/\/www.cliniquedudroit.fr\/index.php\/wp-json\/wp\/v2\/pages\/154\/revisions"}],"predecessor-version":[{"id":1901,"href":"https:\/\/www.cliniquedudroit.fr\/index.php\/wp-json\/wp\/v2\/pages\/154\/revisions\/1901"}],"wp:attachment":[{"href":"https:\/\/www.cliniquedudroit.fr\/index.php\/wp-json\/wp\/v2\/media?parent=154"}],"curies":[{"name":"wp","href":"https:\/\/api.w.org\/{rel}","templated":true}]}}