{"id":1794,"date":"2025-04-24T15:14:59","date_gmt":"2025-04-24T13:14:59","guid":{"rendered":"https:\/\/www.cliniquedudroit.fr\/?page_id=1794"},"modified":"2025-10-07T11:55:53","modified_gmt":"2025-10-07T09:55:53","slug":"objectif-droits-2","status":"publish","type":"page","link":"https:\/\/www.cliniquedudroit.fr\/index.php\/objectif-droits-2\/","title":{"rendered":"Objectif Droits"},"content":{"rendered":"\n<p>Sur cette page, vous trouverez toutes les informations concernant le programme Objectif Droits :<\/p>\n\n\n\n<ul>\n<li>Pr\u00e9sentation du programme<\/li>\n\n\n\n<li>Inscriptions 2025\/2026<\/li>\n\n\n\n<li>Archives de production<\/li>\n<\/ul>\n\n\n\n<h2 class=\"wp-block-heading has-large-font-size\">Pr\u00e9sentation du programme<\/h2>\n\n\n\n<div style=\"width: 100%;\"><div style=\"position: relative; padding-bottom: 56.25%; padding-top: 0; height: 0;\"><iframe loading=\"lazy\" title=\"Pr\u00e9sentation OD\" frameborder=\"0\" width=\"1200\" height=\"675\" style=\"position: absolute; top: 0; left: 0; width: 100%; height: 100%;\" src=\"https:\/\/view.genially.com\/68df97e2edc8062c2b6cae94\" type=\"text\/html\" allowscriptaccess=\"always\" allowfullscreen=\"true\" scrolling=\"yes\" allownetworking=\"all\"><\/iframe> <\/div> <\/div>\n\n\n\n<p><\/p>\n\n\n\n<p class=\"has-vivid-red-color has-text-color has-link-color wp-elements-081090167e77d3b0347860ee810b9ff3\"><strong>Objectifs p\u00e9dagogiques <\/strong><\/p>\n\n\n\n<ul>\n<li><strong>Eveiller l&#8217;int\u00e9r\u00eat pour le droit<\/strong> chez les \u00e9l\u00e8ves.<\/li>\n\n\n\n<li><strong>Sensibiliser et faire r\u00e9fl\u00e9chir<\/strong> sur des th\u00e9matiques.<\/li>\n<\/ul>\n\n\n\n<p class=\"has-vivid-red-color has-text-color has-link-color wp-elements-67507a7116df7ba63d74af5105d5877f\"><strong>Nature de l&#8217;intervention<\/strong><\/p>\n\n\n\n<ul>\n<li><strong>Interventions ludiques et p\u00e9dagogiques<\/strong> autour de th\u00e9matiques juridiques et sociales.<\/li>\n\n\n\n<li>Les th\u00e8mes sont d\u00e9finis<strong> en amont avec l&#8217;\u00e9tablissement<\/strong>.<\/li>\n\n\n\n<li>Le public vis\u00e9 est jeune et non-juriste : \u00e9l\u00e8ves de coll\u00e8ge ou de lyc\u00e9e.<\/li>\n<\/ul>\n\n\n\n<p><\/p>\n\n\n\n<h2 class=\"wp-block-heading has-large-font-size\">Inscriptions 2025\/2026<\/h2>\n\n\n\n<h2 class=\"wp-block-heading\">Participer au projet<\/h2>\n\n\n\n<p>L&#8217;enseignement Objectif Droit est propos\u00e9 aux\u00a0<strong>\u00e9tudiants de Master 1 ou 2 sur la base du volontariat ou dans le cadre de leur master<\/strong>.<\/p>\n\n\n\n<p>Pour les accompagner, les \u00e9tudiants sont sous la supervision de <strong>r\u00e9f\u00e9rents<\/strong>. Ces derniers sont des <strong>personnes titulaires d&#8217;un master en droit<\/strong>, en doctorat, en pr\u00e9paration de concours \u00e0 l&#8217;IEJ, \u00e9l\u00e8ves-avocats ou auditeurs de justice.<\/p>\n\n\n\n<p>Le r\u00f4le du r\u00e9f\u00e9rent est de superviser le travail des \u00e9tudiants, d&#8217;accompagner leur r\u00e9flexion dans la construction de leur pr\u00e9sentation p\u00e9dagogique. Ils font le lien entre les \u00e9tablissements b\u00e9n\u00e9ficiaires des interventions, les \u00e9tudiants, les enseignants et la Clinique du droit.<\/p>\n\n\n\n<p class=\"has-text-align-center has-luminous-vivid-orange-color has-text-color has-link-color wp-elements-07bd875e9564115de7a31ceb5e913242\"><strong>Le projet se d\u00e9roule sur l&#8217;ann\u00e9e enti\u00e8re, ce qui implique un engagement constant sur cette p\u00e9riode.<\/strong><\/p>\n\n\n\n<p class=\"has-medium-font-size\"><\/p>\n\n\n\n<h2 class=\"wp-block-heading\">Fonctionnement du projet<\/h2>\n\n\n\n<p>Chaque \u00e9quipe est constitu\u00e9e de deux ou trois \u00e9tudiants de Master. Un r\u00e9f\u00e9rent coordonne le travail de l&#8217;\u00e9quipe et r\u00e9alise le lien avec l&#8217;\u00e9quipe de la Clinique du droit. Chaque \u00e9quipe fera une ou plusieurs pr\u00e9sentations de son intervention pr\u00e9par\u00e9e en fonction de la demande de l&#8217;\u00e9tablissement.<\/p>\n\n\n\n<p>Les \u00e9tudiants et r\u00e9f\u00e9rents sont recrut\u00e9s en septembre, sur la base du volontariat ou dans le cadre de leur master. Entre octobre et janvier, le projet est pr\u00e9par\u00e9, tant sur le fond que sur la forme. Fin janvier sont organis\u00e9s des entra\u00eenements oraux afin de se pr\u00e9parer au mieux \u00e0 l&#8217;intervention. Les pr\u00e9sentations se d\u00e9roulent entre f\u00e9vrier et avril, selon la date convenue entre l&#8217;\u00e9tablissement et le groupe.<\/p>\n\n\n\n<figure class=\"wp-block-table\"><table><tbody><tr><td class=\"has-text-align-center\" data-align=\"center\"><strong>R\u00e9f\u00e9rents<\/strong><\/td><td class=\"has-text-align-center\" data-align=\"center\"><em>Date limite<\/em><\/td><td class=\"has-text-align-center\" data-align=\"center\"><strong>Etudiants<\/strong><\/td><td class=\"has-text-align-center\" data-align=\"center\"><em>Date limite<\/em><\/td><\/tr><tr><td class=\"has-text-align-center\" data-align=\"center\">Premier contact \u00e9tablissement : th\u00e9matique<\/td><td class=\"has-text-align-center\" data-align=\"center\">Vendredi 10 octobre<\/td><td class=\"has-text-align-center\" data-align=\"center\">R\u00e9daction du script (fond)<\/td><td class=\"has-text-align-center\" data-align=\"center\">Lundi 3 novembre<\/td><\/tr><tr><td class=\"has-text-align-center\" data-align=\"center\">Deuxi\u00e8me contact \u00e9tablissement : date et heures<\/td><td class=\"has-text-align-center\" data-align=\"center\">Vendredi 14 novembre<\/td><td class=\"has-text-align-center\" data-align=\"center\">R\u00e9daction fond et forme<\/td><td class=\"has-text-align-center\" data-align=\"center\">Vendredi 28 novembre<\/td><\/tr><tr><td class=\"has-text-align-center\" data-align=\"center\">Projet final<\/td><td class=\"has-text-align-center\" data-align=\"center\">Vendredi 23 janvier<\/td><td class=\"has-text-align-center\" data-align=\"center\">Projet final (r\u00e9daction termin\u00e9e + Genially)<\/td><td class=\"has-text-align-center\" data-align=\"center\">Vendredi 23 janvier<\/td><\/tr><\/tbody><\/table><figcaption class=\"wp-element-caption\"><em>R\u00e9troplanning 2025\/2026<\/em><\/figcaption><\/figure>\n\n\n\n<h2 class=\"wp-block-heading\">Comp\u00e9tences d\u00e9velopp\u00e9es<\/h2>\n\n\n\n<p>Participer \u00e0 ce projet vous permet de d\u00e9velopper les comp\u00e9tences list\u00e9es ci-dessous :<\/p>\n\n\n\n<figure class=\"wp-block-table\"><table><tbody><tr><td><strong>Comp\u00e9tences<\/strong><\/td><td class=\"has-text-align-center\" data-align=\"center\"><strong><em>R\u00e9f\u00e9rents<\/em><\/strong><\/td><td class=\"has-text-align-center\" data-align=\"center\"><em><strong>Etudiants<\/strong><\/em><\/td><\/tr><tr><td>Elaborer un module p\u00e9dagogique<\/td><td class=\"has-text-align-center\" data-align=\"center\">\u2713<\/td><td class=\"has-text-align-center\" data-align=\"center\">\u2713<\/td><\/tr><tr><td>Adapter son discours \u00e0 un public non-juriste<\/td><td class=\"has-text-align-center\" data-align=\"center\">\u2713<\/td><td class=\"has-text-align-center\" data-align=\"center\">\u2713<\/td><\/tr><tr><td>Travailler en \u00e9quipe<\/td><td class=\"has-text-align-center\" data-align=\"center\">\u2713<\/td><td class=\"has-text-align-center\" data-align=\"center\">\u2713<\/td><\/tr><tr><td>Prendre la parole en public et animer une s\u00e9ance<\/td><td class=\"has-text-align-center\" data-align=\"center\">\u2713<\/td><td class=\"has-text-align-center\" data-align=\"center\">\u2713<\/td><\/tr><tr><td>Construire une pr\u00e9sentation p\u00e9dagogique ludique<\/td><td class=\"has-text-align-center\" data-align=\"center\">\u2713<\/td><td class=\"has-text-align-center\" data-align=\"center\">\u2713<\/td><\/tr><tr><td>Construire un projet<\/td><td class=\"has-text-align-center\" data-align=\"center\">\u2713<\/td><td class=\"has-text-align-center\" data-align=\"center\">\u2713<\/td><\/tr><tr><td>Accompagner et \u00e9valuer les \u00e9tudiants<\/td><td class=\"has-text-align-center\" data-align=\"center\">\u2713<\/td><td class=\"has-text-align-center\" data-align=\"center\"><\/td><\/tr><tr><td>G\u00e9rer les relations avec le partenaire du projet<\/td><td class=\"has-text-align-center\" data-align=\"center\">\u2713<\/td><td class=\"has-text-align-center\" data-align=\"center\"><\/td><\/tr><\/tbody><\/table><\/figure>\n\n\n\n<p>La participation au projet est reconnue comme <strong>formation pour les doctorants<\/strong>, \u00e0 hauteur de 10h de formation. Ces heures sont reconnus en fin d&#8217;ann\u00e9e, apr\u00e8s validation par la Clinique du droit de la participation du doctorant tout au long de l&#8217;ann\u00e9e.<\/p>\n\n\n\n<p>Les <strong>inscriptions \u00e9tudiantes<\/strong> pour l&#8217;ann\u00e9e 2025\/2026 sont <strong>closes<\/strong>. Si vous souhaitez devenir <strong>r\u00e9f\u00e9rent<\/strong>, c&#8217;est encore possible. Pour toute inscription, un formulaire Sphinx est \u00e0 remplir : <a href=\"https:\/\/enquetessphinx.u-bordeaux.fr\/v4\/s\/S8kDGoPOg5\" data-type=\"link\" data-id=\"https:\/\/enquetessphinx.u-bordeaux.fr\/v4\/s\/S8kDGoPOg5\">https:\/\/enquetessphinx.u-bordeaux.fr\/v4\/s\/S8kDGoPOg5<\/a><\/p>\n\n\n\n<p class=\"has-medium-font-size\"><\/p>\n\n\n\n<h2 class=\"wp-block-heading\">B\u00e9n\u00e9ficier du projet<\/h2>\n\n\n\n<p>Les candidatures d&#8217;Objectif Droits sont ferm\u00e9es. Les inscriptions pour l&#8217;ann\u00e9e prochaine se feront \u00e0 partir de juin 2026.<\/p>\n\n\n\n<p class=\"has-medium-font-size\"><\/p>\n\n\n\n<h2 class=\"wp-block-heading has-large-font-size\">Archives de production<\/h2>\n\n\n\n<div style=\"width: 100%;\"><div style=\"position: relative; padding-bottom: 56.25%; padding-top: 0; height: 0;\"><iframe loading=\"lazy\" title=\"Archives OD\" frameborder=\"0\" width=\"1200\" height=\"675\" style=\"position: absolute; top: 0; left: 0; width: 100%; height: 100%;\" src=\"https:\/\/view.genially.com\/68e4cd986c6d97587dfe1a06\" type=\"text\/html\" allowscriptaccess=\"always\" allowfullscreen=\"true\" scrolling=\"yes\" allownetworking=\"all\"><\/iframe> <\/div> <\/div>\n\n\n\n<p><\/p>\n\n\n\n<p><em>Pour toute demande d&#8217;informations, vous pouvez contacter la responsable du programme, Mme DEMEN : <strong>emma.demen@u-bordeaux.fr<\/strong>.<\/em><\/p>\n","protected":false},"excerpt":{"rendered":"<p>Sur cette page, vous trouverez toutes les informations concernant le programme Objectif Droits : Pr\u00e9sentation du programme Objectifs p\u00e9dagogiques Nature de l&#8217;intervention Inscriptions 2025\/2026 Participer au projet L&#8217;enseignement Objectif Droit est propos\u00e9 aux\u00a0\u00e9tudiants de Master 1 ou 2 sur la base du volontariat ou dans le cadre de leur master. Pour les accompagner, les \u00e9tudiants [&hellip;]<\/p>\n","protected":false},"author":1,"featured_media":0,"parent":0,"menu_order":0,"comment_status":"closed","ping_status":"closed","template":"","meta":{"footnotes":""},"_links":{"self":[{"href":"https:\/\/www.cliniquedudroit.fr\/index.php\/wp-json\/wp\/v2\/pages\/1794"}],"collection":[{"href":"https:\/\/www.cliniquedudroit.fr\/index.php\/wp-json\/wp\/v2\/pages"}],"about":[{"href":"https:\/\/www.cliniquedudroit.fr\/index.php\/wp-json\/wp\/v2\/types\/page"}],"author":[{"embeddable":true,"href":"https:\/\/www.cliniquedudroit.fr\/index.php\/wp-json\/wp\/v2\/users\/1"}],"replies":[{"embeddable":true,"href":"https:\/\/www.cliniquedudroit.fr\/index.php\/wp-json\/wp\/v2\/comments?post=1794"}],"version-history":[{"count":17,"href":"https:\/\/www.cliniquedudroit.fr\/index.php\/wp-json\/wp\/v2\/pages\/1794\/revisions"}],"predecessor-version":[{"id":1891,"href":"https:\/\/www.cliniquedudroit.fr\/index.php\/wp-json\/wp\/v2\/pages\/1794\/revisions\/1891"}],"wp:attachment":[{"href":"https:\/\/www.cliniquedudroit.fr\/index.php\/wp-json\/wp\/v2\/media?parent=1794"}],"curies":[{"name":"wp","href":"https:\/\/api.w.org\/{rel}","templated":true}]}}