{"id":1797,"date":"2025-04-24T15:16:11","date_gmt":"2025-04-24T13:16:11","guid":{"rendered":"https:\/\/www.cliniquedudroit.fr\/?page_id=1797"},"modified":"2025-10-08T09:27:24","modified_gmt":"2025-10-08T07:27:24","slug":"recherche-en-action","status":"publish","type":"page","link":"https:\/\/www.cliniquedudroit.fr\/index.php\/recherche-en-action\/","title":{"rendered":"Recherche en actions"},"content":{"rendered":"\n<p><strong>Recherche en Actions<\/strong> est un enseignement reposant sur un travail juridique collectif men\u00e9 par les \u00e9tudiants en r\u00e9ponse \u00e0 une probl\u00e9matique formul\u00e9e par un organisme, une association, une administration ou une entreprise. Ce travail mobilise des outils m\u00e9thodologiques tels que l\u2019entretien et le questionnaire.<br>L\u2019enseignement combine des recherches th\u00e9oriques pluridisciplinaires avec des investigations de terrain, dans une d\u00e9marche \u00e0 la fois acad\u00e9mique et appliqu\u00e9e.<\/p>\n\n\n\n<h2 class=\"wp-block-heading\">Archives de production <\/h2>\n\n\n\n<p><em>Retrouvez ci-dessous des archives de production \u00e9tudiantes issues de nos enseignements. Ces productions renferment de l&#8217;information juridique accessible \u00e0 tous, n&#8217;h\u00e9sitez pas \u00e0 consulter les supports ! <\/em><\/p>\n\n\n\n<div style=\"width: 100%;\"><div style=\"position: relative; padding-bottom: 56.25%; padding-top: 0; height: 0;\"><iframe loading=\"lazy\" title=\"ARCHIVES\" frameborder=\"0\" width=\"1200\" height=\"675\" style=\"position: absolute; top: 0; left: 0; width: 100%; height: 100%;\" src=\"https:\/\/view.genially.com\/682c7b418512de7460ef399f\" type=\"text\/html\" allowscriptaccess=\"always\" allowfullscreen=\"true\" scrolling=\"yes\" allownetworking=\"all\"><\/iframe> <\/div> <\/div>\n\n\n\n<p><\/p>\n","protected":false},"excerpt":{"rendered":"<p>Recherche en Actions est un enseignement reposant sur un travail juridique collectif men\u00e9 par les \u00e9tudiants en r\u00e9ponse \u00e0 une probl\u00e9matique formul\u00e9e par un organisme, une association, une administration ou une entreprise. Ce travail mobilise des outils m\u00e9thodologiques tels que l\u2019entretien et le questionnaire.L\u2019enseignement combine des recherches th\u00e9oriques pluridisciplinaires avec des investigations de terrain, dans [&hellip;]<\/p>\n","protected":false},"author":1,"featured_media":0,"parent":0,"menu_order":0,"comment_status":"closed","ping_status":"closed","template":"","meta":{"footnotes":""},"_links":{"self":[{"href":"https:\/\/www.cliniquedudroit.fr\/index.php\/wp-json\/wp\/v2\/pages\/1797"}],"collection":[{"href":"https:\/\/www.cliniquedudroit.fr\/index.php\/wp-json\/wp\/v2\/pages"}],"about":[{"href":"https:\/\/www.cliniquedudroit.fr\/index.php\/wp-json\/wp\/v2\/types\/page"}],"author":[{"embeddable":true,"href":"https:\/\/www.cliniquedudroit.fr\/index.php\/wp-json\/wp\/v2\/users\/1"}],"replies":[{"embeddable":true,"href":"https:\/\/www.cliniquedudroit.fr\/index.php\/wp-json\/wp\/v2\/comments?post=1797"}],"version-history":[{"count":5,"href":"https:\/\/www.cliniquedudroit.fr\/index.php\/wp-json\/wp\/v2\/pages\/1797\/revisions"}],"predecessor-version":[{"id":1905,"href":"https:\/\/www.cliniquedudroit.fr\/index.php\/wp-json\/wp\/v2\/pages\/1797\/revisions\/1905"}],"wp:attachment":[{"href":"https:\/\/www.cliniquedudroit.fr\/index.php\/wp-json\/wp\/v2\/media?parent=1797"}],"curies":[{"name":"wp","href":"https:\/\/api.w.org\/{rel}","templated":true}]}}