{"id":1898,"date":"2025-10-07T12:18:38","date_gmt":"2025-10-07T10:18:38","guid":{"rendered":"https:\/\/www.cliniquedudroit.fr\/?page_id=1898"},"modified":"2026-03-04T09:13:54","modified_gmt":"2026-03-04T08:13:54","slug":"pause","status":"publish","type":"page","link":"https:\/\/www.cliniquedudroit.fr\/index.php\/lenseignement-clinique-du-droit\/pause\/","title":{"rendered":"PAUSE"},"content":{"rendered":"\n<p>Sur cette page, vous trouverez toutes les informations concernant le programme PAUSE.<\/p>\n\n\n\n<ul>\n<li>Pr\u00e9sentation de PAUSE<\/li>\n\n\n\n<li>Programme 2025\/2026<\/li>\n\n\n\n<li>Archives de production<\/li>\n<\/ul>\n\n\n\n<h2 class=\"wp-block-heading has-large-font-size\">Pr\u00e9sentation de PAUSE<\/h2>\n\n\n\n<div style=\"width: 100%;\"><div style=\"position: relative; padding-bottom: 56.25%; padding-top: 0; height: 0;\"><iframe loading=\"lazy\" title=\"Pr\u00e9sentation PAUSE\" frameborder=\"0\" width=\"1200\" height=\"675\" style=\"position: absolute; top: 0; left: 0; width: 100%; height: 100%;\" src=\"https:\/\/view.genially.com\/68e4e727e0150367425442d4\" type=\"text\/html\" allowscriptaccess=\"always\" allowfullscreen=\"true\" scrolling=\"yes\" allownetworking=\"all\"><\/iframe> <\/div> <\/div>\n\n\n\n<p><em>Plus d&#8217;informations sur le site d\u00e9di\u00e9 du Coll\u00e8ge de France :<\/em> <a href=\"https:\/\/www.programmepause.fr\/\" data-type=\"link\" data-id=\"https:\/\/www.programmepause.fr\/\">https:\/\/www.programmepause.fr\/<\/a><\/p>\n\n\n\n<p><em>More informations on the website of the Coll\u00e8ge de France : <\/em><a href=\"https:\/\/www.programmepause.fr\/en\/\" data-type=\"link\" data-id=\"https:\/\/www.programmepause.fr\/en\/\">https:\/\/www.programmepause.fr\/en\/<\/a><\/p>\n\n\n\n<h2 class=\"wp-block-heading\">Participer au programme<\/h2>\n\n\n\n<p>Vous \u00eates \u00e9tudiants en master de droit et souhaiter transmettre vos connaissances sur une th\u00e9matique donn\u00e9e ? Venez participer au programme PAUSE !<\/p>\n\n\n\n<p>Les th\u00e9matiques et les dates sont propos\u00e9es conjointement par le Coll\u00e8ge de France et la Clinique du droit. Le projet se construit par groupe compos\u00e9 au minimum de deux \u00e9tudiants. Un enseignant-chercheur supervise et corrige les travaux. Avant les pr\u00e9sentations, des entra\u00eenements oraux sont organis\u00e9s afin de pr\u00e9parer au mieux le projet. <\/p>\n\n\n\n<p>Les inscriptions pour l&#8217;ann\u00e9e 2025\/2026 sont closes. N\u00e9anmoins, vous pouvez d&#8217;ors et d\u00e9j\u00e0 partager votre motivation pour l&#8217;ann\u00e9e prochaine en envoyant un mail \u00e0 l&#8217;adresse suivante : emma.demen@u-bordeaux.fr. <\/p>\n\n\n\n<p><\/p>\n\n\n\n<h2 class=\"wp-block-heading has-large-font-size\">Programme 2025\/2026<\/h2>\n\n\n\n<p>Trois pr\u00e9sentations sont pr\u00e9vues pour l&#8217;ann\u00e9e 2025\/2026 : <\/p>\n\n\n\n<ul>\n<li><strong>Droit des \u00e9trangers<\/strong>, le 17 mars 2026 de 11h30 \u00e0 13h30<\/li>\n\n\n\n<li><strong>Libert\u00e9s acad\u00e9miques<\/strong>, le 24 mars 2026 de 11h30 \u00e0 13h30<\/li>\n\n\n\n<li><strong>Contrats de travail \u00e0 l&#8217;Universit\u00e9<\/strong>, le 31 mars 2026 de 11h30 \u00e0 13h30<\/li>\n<\/ul>\n\n\n\n<p><\/p>\n\n\n\n<p>Les pr\u00e9sentations sont accessibles par <strong>Zoom<\/strong>, sur inscription d\u00e8s \u00e0 pr\u00e9sent via les liens suivants : <\/p>\n\n\n\n<ul>\n<li><strong>Droit des \u00e9trangers<\/strong> : <a href=\"https:\/\/u-bordeaux-fr.zoom.us\/meeting\/register\/7c7zvy0-Rh68ubxyDScUiQ\">https:\/\/u-bordeaux-fr.zoom.us\/meeting\/register\/7c7zvy0-Rh68ubxyDScUiQ<\/a><\/li>\n\n\n\n<li><strong>Libert\u00e9s acad\u00e9miques<\/strong> : <a href=\"https:\/\/u-bordeaux-fr.zoom.us\/meeting\/register\/yXgj4hU7SQq-tb8Blgxqcw\">https:\/\/u-bordeaux-fr.zoom.us\/meeting\/register\/yXgj4hU7SQq-tb8Blgxqcw<\/a><\/li>\n\n\n\n<li><strong>Contrats de travail \u00e0 l&#8217;Universit\u00e9<\/strong> : <a href=\"https:\/\/u-bordeaux-fr.zoom.us\/meeting\/register\/OzvAnn55QA-FI3lGffLdBw\"> https:\/\/u-bordeaux-fr.zoom.us\/meeting\/register\/OzvAnn55QA-FI3lGffLdBw<\/a><\/li>\n<\/ul>\n\n\n\n<p><\/p>\n\n\n\n<p>Les interventions auront lieu au PJJ, dans l&#8217;amphith\u00e9\u00e2tre Duguit (droit des \u00e9trangers) ou dans la salle 1F (libert\u00e9s acad\u00e9miques et contrats de travail \u00e0 l&#8217;universit\u00e9). Vous pourrez participer en pr\u00e9sentiel.<\/p>\n\n\n\n<p><\/p>\n\n\n\n<p><em>Three presentations are planned for the 2025\/2026 academic year: <\/em><\/p>\n\n\n\n<ul>\n<li><em><strong>Immigration Law<\/strong>, March 17, 2026, from 11:30 a.m. to 1:30 p.m.<\/em><\/li>\n\n\n\n<li><em><strong>Academic Freedom<\/strong>, March 24, 2026, from 11:30 a.m. to 1:30 p.m.<\/em><\/li>\n\n\n\n<li><em><strong>Employment Contracts at the University<\/strong>, March 31, 2026, from 11:30 a.m. to 1:30 p.m.<\/em><\/li>\n<\/ul>\n\n\n\n<p><\/p>\n\n\n\n<p><em>The presentations are accessible via <strong>Zoom<\/strong>, by registration through the following links :<\/em><\/p>\n\n\n\n<ul>\n<li><strong><em>Immigration Law :<\/em><\/strong> <a href=\"https:\/\/u-bordeaux-fr.zoom.us\/meeting\/register\/7c7zvy0-Rh68ubxyDScUiQ\">https:\/\/u-bordeaux-fr.zoom.us\/meeting\/register\/7c7zvy0-Rh68ubxyDScUiQ<\/a><\/li>\n\n\n\n<li><strong><em>Academic Freedom : <\/em><\/strong><a href=\"https:\/\/u-bordeaux-fr.zoom.us\/meeting\/register\/yXgj4hU7SQq-tb8Blgxqcw\">https:\/\/u-bordeaux-fr.zoom.us\/meeting\/register\/yXgj4hU7SQq-tb8Blgxqcw<\/a><\/li>\n\n\n\n<li><strong><em>Employment Contracts at the University :<\/em><\/strong> <a href=\"https:\/\/u-bordeaux-fr.zoom.us\/meeting\/register\/OzvAnn55QA-FI3lGffLdBw\">https:\/\/u-bordeaux-fr.zoom.us\/meeting\/register\/OzvAnn55QA-FI3lGffLdBw<\/a><\/li>\n<\/ul>\n\n\n\n<p><\/p>\n\n\n\n<p><a href=\"https:\/\/www.u-bordeaux.fr\/actualites\/la-clinique-du-droit-au-service-des-chercheurs-refugies\" data-type=\"link\" data-id=\"https:\/\/www.u-bordeaux.fr\/actualites\/la-clinique-du-droit-au-service-des-chercheurs-refugies\">La Clinique du droit au service des chercheurs r\u00e9fugi\u00e9s<\/a>, <em>article paru dans les actualit\u00e9s de l&#8217;universit\u00e9 de Bordeaux.<\/em><\/p>\n\n\n\n<h2 class=\"wp-block-heading has-large-font-size\">Archives de production <\/h2>\n\n\n\n<p><em>Vous trouverez ci-dessous les pr\u00e9sentations des \u00e9ditions pr\u00e9c\u00e9dentes<\/em>. <\/p>\n\n\n\n<div style=\"width: 100%;\"><div style=\"position: relative; padding-bottom: 56.25%; padding-top: 0; height: 0;\"><iframe loading=\"lazy\" title=\"Archives PAUSE\" frameborder=\"0\" width=\"1200\" height=\"675\" style=\"position: absolute; top: 0; left: 0; width: 100%; height: 100%;\" src=\"https:\/\/view.genially.com\/68e6228c6eafc308a66791ac\" type=\"text\/html\" allowscriptaccess=\"always\" allowfullscreen=\"true\" scrolling=\"yes\" allownetworking=\"all\"><\/iframe> <\/div> <\/div>\n\n\n\n<p><\/p>\n\n\n\n<p><em>Pour plus d&#8217;informations, vous pouvez contacter la responsable du programme PAUSE au sein de la Clinique du droit, Mme Demen, par mail (emma.demen@u-bordeaux.fr)<\/em> <em>ou par t\u00e9l\u00e9phone au 05 56 00 98 03.<\/em><\/p>\n","protected":false},"excerpt":{"rendered":"<p>Sur cette page, vous trouverez toutes les informations concernant le programme PAUSE. Pr\u00e9sentation de PAUSE Plus d&#8217;informations sur le site d\u00e9di\u00e9 du Coll\u00e8ge de France : https:\/\/www.programmepause.fr\/ More informations on the website of the Coll\u00e8ge de France : https:\/\/www.programmepause.fr\/en\/ Participer au programme Vous \u00eates \u00e9tudiants en master de droit et souhaiter transmettre vos connaissances sur [&hellip;]<\/p>\n","protected":false},"author":1,"featured_media":0,"parent":19,"menu_order":4,"comment_status":"closed","ping_status":"closed","template":"","meta":{"footnotes":""},"_links":{"self":[{"href":"https:\/\/www.cliniquedudroit.fr\/index.php\/wp-json\/wp\/v2\/pages\/1898"}],"collection":[{"href":"https:\/\/www.cliniquedudroit.fr\/index.php\/wp-json\/wp\/v2\/pages"}],"about":[{"href":"https:\/\/www.cliniquedudroit.fr\/index.php\/wp-json\/wp\/v2\/types\/page"}],"author":[{"embeddable":true,"href":"https:\/\/www.cliniquedudroit.fr\/index.php\/wp-json\/wp\/v2\/users\/1"}],"replies":[{"embeddable":true,"href":"https:\/\/www.cliniquedudroit.fr\/index.php\/wp-json\/wp\/v2\/comments?post=1898"}],"version-history":[{"count":19,"href":"https:\/\/www.cliniquedudroit.fr\/index.php\/wp-json\/wp\/v2\/pages\/1898\/revisions"}],"predecessor-version":[{"id":2069,"href":"https:\/\/www.cliniquedudroit.fr\/index.php\/wp-json\/wp\/v2\/pages\/1898\/revisions\/2069"}],"up":[{"embeddable":true,"href":"https:\/\/www.cliniquedudroit.fr\/index.php\/wp-json\/wp\/v2\/pages\/19"}],"wp:attachment":[{"href":"https:\/\/www.cliniquedudroit.fr\/index.php\/wp-json\/wp\/v2\/media?parent=1898"}],"curies":[{"name":"wp","href":"https:\/\/api.w.org\/{rel}","templated":true}]}}