{"id":1920,"date":"2025-10-08T12:21:23","date_gmt":"2025-10-08T10:21:23","guid":{"rendered":"https:\/\/www.cliniquedudroit.fr\/?page_id=1920"},"modified":"2025-10-14T11:02:09","modified_gmt":"2025-10-14T09:02:09","slug":"approfondissement-des-cas-cliniques","status":"publish","type":"page","link":"https:\/\/www.cliniquedudroit.fr\/index.php\/lenseignement-clinique-du-droit\/approfondissement-des-cas-cliniques\/","title":{"rendered":"Approfondissement des cas cliniques"},"content":{"rendered":"\n<p>Sur cette page, vous trouverez toutes les informations concernant l&#8217;approfondissement des cas cliniques :<\/p>\n\n\n\n<ul>\n<li>Pr\u00e9sentation de l&#8217;enseignement<\/li>\n\n\n\n<li>Mallettes p\u00e9dagogiques<\/li>\n<\/ul>\n\n\n\n<h2 class=\"wp-block-heading\">Pr\u00e9sentation de l&#8217;enseignement<\/h2>\n\n\n\n<p>L&#8217;approfondissement des cas cliniques concerne <strong>les \u00e9tudiants de deuxi\u00e8me ann\u00e9e de master en droit qui ont particip\u00e9 au Service d&#8217;Information Juridique<\/strong> (SIJ). Il s&#8217;agit pour les \u00e9tudiants ayant eu \u00e0 traiter le cas clinique choisi de mener un travail collectif approfondi et pluridisciplinaire aboutissant \u00e0 la production d&#8217;une mallette p\u00e9dagogique. <\/p>\n\n\n\n<p>Les \u00e9tudiants sont amen\u00e9s \u00e0 <strong>d\u00e9gager les int\u00e9r\u00eats juridiques et extra-juridiques du cas, ainsi que ceux concernant la pratique professionnelle qui l&#8217;entourent<\/strong>. Pour compl\u00e9ter leur r\u00e9flexion, les \u00e9tudiants sont amen\u00e9s \u00e0 <strong>organiser un s\u00e9minaire en invitant un professionnel ou un expert<\/strong> susceptible d&#8217;apporter des \u00e9l\u00e9ments d&#8217;expertise li\u00e9s \u00e0 la probl\u00e9matique soulev\u00e9e par le cas. <\/p>\n\n\n\n<p>Les \u00e9tudiants sont accompagn\u00e9s par un enseignant chercheur. <\/p>\n\n\n\n<p>En fin d&#8217;enseignement, les \u00e9tudiants devront produire <strong>une pr\u00e9sentation num\u00e9rique dite &#8220;mallette p\u00e9dagogique&#8221;<\/strong> reprenant l&#8217;ensemble de l&#8217;\u00e9tude qui servira de support p\u00e9dagogique pour un enseignement clinique en licence.<\/p>\n\n\n\n<p><\/p>\n\n\n\n<h2 class=\"wp-block-heading\">Mallettes p\u00e9dagogiques<\/h2>\n\n\n\n<p><em>Vous trouverez ci-dessous les mallettes p\u00e9dagogiques r\u00e9alis\u00e9es par les \u00e9tudiants.<\/em><\/p>\n\n\n\n<div style=\"width: 100%;\"><div style=\"position: relative; padding-bottom: 56.25%; padding-top: 0; height: 0;\"><iframe loading=\"lazy\" title=\"Mallettes p\u00e9dagogiques\" frameborder=\"0\" width=\"1200\" height=\"675\" style=\"position: absolute; top: 0; left: 0; width: 100%; height: 100%;\" src=\"https:\/\/view.genially.com\/68e63cc1b0e426e2bc1dbeb0\" type=\"text\/html\" allowscriptaccess=\"always\" allowfullscreen=\"true\" scrolling=\"yes\" allownetworking=\"all\"><\/iframe> <\/div> <\/div>\n","protected":false},"excerpt":{"rendered":"<p>Sur cette page, vous trouverez toutes les informations concernant l&#8217;approfondissement des cas cliniques : Pr\u00e9sentation de l&#8217;enseignement L&#8217;approfondissement des cas cliniques concerne les \u00e9tudiants de deuxi\u00e8me ann\u00e9e de master en droit qui ont particip\u00e9 au Service d&#8217;Information Juridique (SIJ). Il s&#8217;agit pour les \u00e9tudiants ayant eu \u00e0 traiter le cas clinique choisi de mener un [&hellip;]<\/p>\n","protected":false},"author":1,"featured_media":0,"parent":19,"menu_order":0,"comment_status":"closed","ping_status":"closed","template":"","meta":{"footnotes":""},"_links":{"self":[{"href":"https:\/\/www.cliniquedudroit.fr\/index.php\/wp-json\/wp\/v2\/pages\/1920"}],"collection":[{"href":"https:\/\/www.cliniquedudroit.fr\/index.php\/wp-json\/wp\/v2\/pages"}],"about":[{"href":"https:\/\/www.cliniquedudroit.fr\/index.php\/wp-json\/wp\/v2\/types\/page"}],"author":[{"embeddable":true,"href":"https:\/\/www.cliniquedudroit.fr\/index.php\/wp-json\/wp\/v2\/users\/1"}],"replies":[{"embeddable":true,"href":"https:\/\/www.cliniquedudroit.fr\/index.php\/wp-json\/wp\/v2\/comments?post=1920"}],"version-history":[{"count":4,"href":"https:\/\/www.cliniquedudroit.fr\/index.php\/wp-json\/wp\/v2\/pages\/1920\/revisions"}],"predecessor-version":[{"id":1929,"href":"https:\/\/www.cliniquedudroit.fr\/index.php\/wp-json\/wp\/v2\/pages\/1920\/revisions\/1929"}],"up":[{"embeddable":true,"href":"https:\/\/www.cliniquedudroit.fr\/index.php\/wp-json\/wp\/v2\/pages\/19"}],"wp:attachment":[{"href":"https:\/\/www.cliniquedudroit.fr\/index.php\/wp-json\/wp\/v2\/media?parent=1920"}],"curies":[{"name":"wp","href":"https:\/\/api.w.org\/{rel}","templated":true}]}}