{"id":1933,"date":"2025-10-14T11:26:58","date_gmt":"2025-10-14T09:26:58","guid":{"rendered":"https:\/\/www.cliniquedudroit.fr\/?page_id=1933"},"modified":"2025-10-22T11:49:44","modified_gmt":"2025-10-22T09:49:44","slug":"cordees-de-la-reussite","status":"publish","type":"page","link":"https:\/\/www.cliniquedudroit.fr\/index.php\/lenseignement-clinique-du-droit\/cordees-de-la-reussite\/","title":{"rendered":"Cord\u00e9es de la r\u00e9ussite"},"content":{"rendered":"\n<p>Sur cette page, vous trouverez les informations concernant les Cord\u00e9es de la r\u00e9ussite : <\/p>\n\n\n\n<ul>\n<li>Pr\u00e9sentation du programme<\/li>\n\n\n\n<li>Participer aux Cord\u00e9es<\/li>\n<\/ul>\n\n\n\n<h2 class=\"wp-block-heading\">Pr\u00e9sentation du programme<\/h2>\n\n\n\n<p>Les Cord\u00e9es de la r\u00e9ussite sont <strong>un programme de soutien des coll\u00e9giens et lyc\u00e9es en zone rurale et isol\u00e9e<\/strong>. <\/p>\n\n\n\n<p>En collaboration avec <strong><a href=\"https:\/\/www.enm.justice.fr\/actu-04072022-cordees-de-la-reussite-l-enm-lance-ses-actions-aupres-des-collegiens\" data-type=\"link\" data-id=\"https:\/\/www.enm.justice.fr\/actu-04072022-cordees-de-la-reussite-l-enm-lance-ses-actions-aupres-des-collegiens\">l&#8217;Ecole Nationale de la Magistrature<\/a> <\/strong>(en charge du programme)<strong>, l&#8217;Ecole des Avocats Ali\u00e9nor, la Chambre d\u00e9partementale des notaires de la Gironde et le Conseil r\u00e9gional<\/strong>, la Clinique du Droit met chaque ann\u00e9e des \u00e9l\u00e8ves en contact avec le milieu juridique et professionnel. L&#8217;objectif : faire d\u00e9couvrir les m\u00e9tiers du droit, susciter des ambitions et pr\u00e9parer l&#8217;insertion des jeunes dans les milieux professionnels et universitaires.<\/p>\n\n\n\n<p>A cet effet, des <strong>sorties <\/strong>sont pr\u00e9vues : visite de la ville de Bordeaux, de son Universit\u00e9, immersion dans le milieu judiciaire, jeux \u00e9ducatifs, ouvertures culturelles \u2026 <\/p>\n\n\n\n<p>Un <strong>tutorat <\/strong>est \u00e9galement mis en place et assur\u00e9 par des \u00e9tudiants volontaires, pour assurer un suivi et un soutien continu des \u00e9l\u00e8ves.<\/p>\n\n\n\n<p><\/p>\n\n\n\n<div style=\"width: 100%;\"><div style=\"position: relative; padding-bottom: 56.25%; padding-top: 0; height: 0;\"><iframe loading=\"lazy\" title=\"Pr\u00e9sentation Cord\u00e9es\" frameborder=\"0\" width=\"1200\" height=\"675\" style=\"position: absolute; top: 0; left: 0; width: 100%; height: 100%;\" src=\"https:\/\/view.genially.com\/68ef728bd913e00bcdd26729\" type=\"text\/html\" allowscriptaccess=\"always\" allowfullscreen=\"true\" scrolling=\"yes\" allownetworking=\"all\"><\/iframe> <\/div> <\/div>\n\n\n\n<h2 class=\"wp-block-heading\">Participer aux Cord\u00e9es<\/h2>\n\n\n\n<p>Vous \u00eates \u00e9tudiants en droit, de la L1 au M2, et souhaitez participer au projet ? Envoyez-nous votre candidature par mail en nous renseignant votre niveau d&#8217;\u00e9tudes.<\/p>\n\n\n\n<p>Pour vous <strong>inscrire <\/strong>\u00e0 l&#8217;une ou plusieurs de nos journ\u00e9es ou demi-journ\u00e9es, rendez-vous sur le <strong>lien sphinx <\/strong>ci-dessous :<\/p>\n\n\n\n<p class=\"has-text-align-center\"> <a href=\"https:\/\/enquetessphinx.u-bordeaux.fr\/v4\/s\/o7FvxQB4G1\" data-type=\"link\" data-id=\"https:\/\/enquetessphinx.u-bordeaux.fr\/v4\/s\/o7FvxQB4G1\">https:\/\/enquetessphinx.u-bordeaux.fr\/v4\/s\/o7FvxQB4G1<\/a><\/p>\n\n\n\n<p>Pour plus d&#8217;informations sur le programme des journ\u00e9es, cliquez sur le lien suivant : <a href=\"https:\/\/acrobat.adobe.com\/id\/urn:aaid:sc:EU:e922bf88-17b2-42a4-a18a-091665f5af81\" data-type=\"link\" data-id=\"https:\/\/acrobat.adobe.com\/id\/urn:aaid:sc:EU:bbbaa27d-48e5-4589-bcf3-8de7152fbbf1\">Calendrier et programme 2025\/2026 des Cord\u00e9es de la r\u00e9ussite<\/a><\/p>\n\n\n\n<p><em>Pour plus d&#8217;informations, vous pouvez contacter la responsable du programme au sein de la Clinique du droit, Mme Demen, par mail \u00e0 l&#8217;adresse suivante : emma.demen@u-bordeaux.fr, ou par t\u00e9l\u00e9phone au 05.56.00.98.03.<\/em> <\/p>\n","protected":false},"excerpt":{"rendered":"<p>Sur cette page, vous trouverez les informations concernant les Cord\u00e9es de la r\u00e9ussite : Pr\u00e9sentation du programme Les Cord\u00e9es de la r\u00e9ussite sont un programme de soutien des coll\u00e9giens et lyc\u00e9es en zone rurale et isol\u00e9e. En collaboration avec l&#8217;Ecole Nationale de la Magistrature (en charge du programme), l&#8217;Ecole des Avocats Ali\u00e9nor, la Chambre d\u00e9partementale [&hellip;]<\/p>\n","protected":false},"author":1,"featured_media":0,"parent":19,"menu_order":0,"comment_status":"closed","ping_status":"closed","template":"","meta":{"footnotes":""},"_links":{"self":[{"href":"https:\/\/www.cliniquedudroit.fr\/index.php\/wp-json\/wp\/v2\/pages\/1933"}],"collection":[{"href":"https:\/\/www.cliniquedudroit.fr\/index.php\/wp-json\/wp\/v2\/pages"}],"about":[{"href":"https:\/\/www.cliniquedudroit.fr\/index.php\/wp-json\/wp\/v2\/types\/page"}],"author":[{"embeddable":true,"href":"https:\/\/www.cliniquedudroit.fr\/index.php\/wp-json\/wp\/v2\/users\/1"}],"replies":[{"embeddable":true,"href":"https:\/\/www.cliniquedudroit.fr\/index.php\/wp-json\/wp\/v2\/comments?post=1933"}],"version-history":[{"count":13,"href":"https:\/\/www.cliniquedudroit.fr\/index.php\/wp-json\/wp\/v2\/pages\/1933\/revisions"}],"predecessor-version":[{"id":1972,"href":"https:\/\/www.cliniquedudroit.fr\/index.php\/wp-json\/wp\/v2\/pages\/1933\/revisions\/1972"}],"up":[{"embeddable":true,"href":"https:\/\/www.cliniquedudroit.fr\/index.php\/wp-json\/wp\/v2\/pages\/19"}],"wp:attachment":[{"href":"https:\/\/www.cliniquedudroit.fr\/index.php\/wp-json\/wp\/v2\/media?parent=1933"}],"curies":[{"name":"wp","href":"https:\/\/api.w.org\/{rel}","templated":true}]}}