{"id":209,"date":"2020-08-31T12:21:30","date_gmt":"2020-08-31T10:21:30","guid":{"rendered":"http:\/\/www.cliniquedudroit.fr\/?page_id=209"},"modified":"2020-08-31T12:21:31","modified_gmt":"2020-08-31T10:21:31","slug":"le-mal-logement-2016","status":"publish","type":"page","link":"https:\/\/www.cliniquedudroit.fr\/index.php\/le-mal-logement-2016\/","title":{"rendered":"Le mal-logement &#8211; 2016"},"content":{"rendered":"\n<p>Partenaire de la Clinique du droit depuis sa cr\u00e9ation, <strong>le <\/strong><a href=\"https:\/\/web.archive.org\/web\/20200228213755\/http:\/www.bordeaux.fr\/o985\/le-ccas-a-votre-service\"><strong>Centre Communal d\u2019Action Sociale de la ville de Bordeaux<\/strong><\/a><strong> a propos\u00e9 en 2015-2016 \u00e0 la clinique du droit de travailler autour du mal-logement.<\/strong> Selon le <a href=\"https:\/\/web.archive.org\/web\/20200228213755\/http:\/www.fondation-abbe-pierre.fr\/sites\/default\/files\/content-files\/files\/letat_du_mal-logement_en_france_-_21e_rapport_2016.pdf\">21e rapport annuel de la Fondation Abb\u00e9 Pierre<\/a> (\u00ab L\u2019Etat du mal-logement en France \u00bb), plus de 12 millions de personnes sont fragilis\u00e9es par rapport \u00e0 la question du logement, qu\u2019elles en soient priv\u00e9es (pr\u00e8s de 900.000 personnes n\u2019ont pas de logement personnel), que les conditions de leur logement soient ind\u00e9centes (pr\u00e8s de 2, 9 millions de personnes), qu\u2019elles ne puissent faire face \u00e0 leur loyer (plus de 1,2 millions), qu\u2019elles soient confront\u00e9es \u00e0 la pr\u00e9carit\u00e9 \u00e9nerg\u00e9tique (plus de 3,5 millions de personnes), etc. Les travailleurs sociaux du CCAS sont quotidiennement au contact de ces personnes, tentant de leur apporter une r\u00e9ponse sociale. Cependant, dans de nombreuses situations, il existe \u00e9galement une r\u00e9ponse juridique \u00e0 ces probl\u00e9matiques. Cette r\u00e9ponse juridique est parfois difficile \u00e0 appr\u00e9hender du fait de la multiplication des textes (le DALO, la loi ALUR, la loi MACRON, etc.).<\/p>\n\n\n\n<p>C\u2019est pour cela que le CCAS et la Clinique du droit ont d\u00e9cid\u00e9 de collaborer conjointement sur un projet de recherche permettant un \u00e9tat des lieux des r\u00e9ponses juridiques existantes.Dix \u00e9tudiants volontaires de l\u2019universit\u00e9 de Bordeaux ont travaill\u00e9 sous le double tutorat de l\u2019universit\u00e9 de Bordeaux et du Centre Communal d\u2019Action Sociale sur cette th\u00e9matique. Apr\u00e8s avoir pendant 6 mois r\u00e9alis\u00e9 des entretiens avec de nombreux acteurs locaux, avoir apport\u00e9 des r\u00e9ponses juridiques aux probl\u00e8mes pos\u00e9s par des usagers du CCAS,&nbsp; les \u00e9tudiants ont finalis\u00e9s leurs travaux par l\u2019organisation d\u2019une journ\u00e9e d\u2019\u00e9tudes consacr\u00e9e \u00e0 la question et intitul\u00e9e : \u00ab Le mal-logement : une r\u00e9alit\u00e9 encore ignor\u00e9e ? \u00bb, dans l\u2019objectif de pouvoir confronter la r\u00e9alit\u00e9 des situations existantes aux textes les r\u00e9gissant.<\/p>\n\n\n\n<figure class=\"wp-block-image size-large is-resized\"><img loading=\"lazy\" decoding=\"async\" src=\"http:\/\/www.cliniquedudroit.fr\/wp-content\/uploads\/2020\/08\/affichemallogement.png\" alt=\"\" class=\"wp-image-210\" width=\"235\" height=\"330\"\/><\/figure>\n\n\n\n<p><strong>Cette rencontre s\u2019est d\u00e9roul\u00e9e le Mardi 26 avril 2016, de 14h \u00e0 18h, au P\u00f4le Juridique et Judiciaire<\/strong> (Amphith\u00e9\u00e2tre J.Ellul), 35, place Pey-Berland 33 000 Bordeaux.<\/p>\n\n\n\n<p>Elle s\u2019est ax\u00e9e autour de trois tables rondes :<\/p>\n\n\n\n<p>\u2013 Que reste-t-il de la loi Alur ?<br>\u2013 Le mal logement, obligation d\u2019agir et n\u00e9cessit\u00e9 d\u2019aboutir<br>\u2013 La loi DALO : bilan mitig\u00e9 pour une loi charismatique<\/p>\n","protected":false},"excerpt":{"rendered":"<p>Partenaire de la Clinique du droit depuis sa cr\u00e9ation, le Centre Communal d\u2019Action Sociale de la ville de Bordeaux a propos\u00e9 en 2015-2016 \u00e0 la clinique du droit de travailler autour du mal-logement. Selon le 21e rapport annuel de la Fondation Abb\u00e9 Pierre (\u00ab L\u2019Etat du mal-logement en France \u00bb), plus de 12 millions de [&hellip;]<\/p>\n","protected":false},"author":1,"featured_media":0,"parent":0,"menu_order":0,"comment_status":"closed","ping_status":"closed","template":"","meta":{"footnotes":""},"_links":{"self":[{"href":"https:\/\/www.cliniquedudroit.fr\/index.php\/wp-json\/wp\/v2\/pages\/209"}],"collection":[{"href":"https:\/\/www.cliniquedudroit.fr\/index.php\/wp-json\/wp\/v2\/pages"}],"about":[{"href":"https:\/\/www.cliniquedudroit.fr\/index.php\/wp-json\/wp\/v2\/types\/page"}],"author":[{"embeddable":true,"href":"https:\/\/www.cliniquedudroit.fr\/index.php\/wp-json\/wp\/v2\/users\/1"}],"replies":[{"embeddable":true,"href":"https:\/\/www.cliniquedudroit.fr\/index.php\/wp-json\/wp\/v2\/comments?post=209"}],"version-history":[{"count":1,"href":"https:\/\/www.cliniquedudroit.fr\/index.php\/wp-json\/wp\/v2\/pages\/209\/revisions"}],"predecessor-version":[{"id":211,"href":"https:\/\/www.cliniquedudroit.fr\/index.php\/wp-json\/wp\/v2\/pages\/209\/revisions\/211"}],"wp:attachment":[{"href":"https:\/\/www.cliniquedudroit.fr\/index.php\/wp-json\/wp\/v2\/media?parent=209"}],"curies":[{"name":"wp","href":"https:\/\/api.w.org\/{rel}","templated":true}]}}