{"id":21,"date":"2020-08-27T13:02:35","date_gmt":"2020-08-27T11:02:35","guid":{"rendered":"http:\/\/www.cliniquedudroit.fr\/?page_id=21"},"modified":"2022-08-19T11:06:50","modified_gmt":"2022-08-19T09:06:50","slug":"faites-un-don","status":"publish","type":"page","link":"https:\/\/www.cliniquedudroit.fr\/index.php\/faites-un-don\/","title":{"rendered":"NOUS SOUTENIR"},"content":{"rendered":"\n<h5 class=\"wp-block-heading\">NOS PARTENAIRES <\/h5>\n\n\n\n<p>La Clinique du Droit remercie infiniment l\u2019ensemble de ses partenaires et m\u00e9c\u00e8nes pour leur soutien. Cliquez sur les logos pour en savoir plus. <\/p>\n\n\n\n<div style=\"width: 100%;\"><div style=\"position: relative; padding-bottom: 56.25%; padding-top: 0; height: 0;\"><iframe loading=\"lazy\" style=\"position: absolute; top: 0; left: 0; width: 100%; height: 100%;\" src=\"https:\/\/view.genial.ly\/627e108914f9e200115f759b\" type=\"text\/html\" allowscriptaccess=\"always\" allowfullscreen=\"true\" scrolling=\"yes\" allownetworking=\"all\" width=\"1200\" height=\"675\" frameborder=\"0\"><\/iframe> <\/div> <\/div>\n\n\n\n<h5 class=\"wp-block-heading\">FAIRE UN DON <\/h5>\n\n\n<div class=\"wp-block-image\">\n<figure class=\"aligncenter size-large is-resized\"><img loading=\"lazy\" decoding=\"async\" src=\"http:\/\/www.cliniquedudroit.fr\/wp-content\/uploads\/2020\/08\/faitesundon.png\" alt=\"\" class=\"wp-image-279\" width=\"321\" height=\"442\" srcset=\"https:\/\/www.cliniquedudroit.fr\/wp-content\/uploads\/2020\/08\/faitesundon.png 521w, https:\/\/www.cliniquedudroit.fr\/wp-content\/uploads\/2020\/08\/faitesundon-218x300.png 218w\" sizes=\"(max-width: 321px) 100vw, 321px\" \/><\/figure><\/div>\n\n\n<h2 class=\"wp-block-heading\"><\/h2>\n\n\n\n<p><\/p>\n\n\n\n<h6 class=\"wp-block-heading\"><strong>A QUOI SERVIRA VOTRE DON ?<\/strong><\/h6>\n\n\n\n<p>Votre don servira \u00e0 financer les activit\u00e9s et enseignements innovants de la Clinique du droit. <\/p>\n\n\n\n<p><em>D\u00e9couvrez nos enseignements et quelques productions de nos \u00e9tudiants ici. <\/em><\/p>\n\n\n\n<p>Cela permet notamment aux \u00e9tudiants de se d\u00e9placer en \u00e9tablissements scolaires afin de sensibiliser les plus jeunes \u00e0 leurs droits et devoirs et de leur donner les moyens de r\u00e9aliser des analyses et enqu\u00eates sur des sujets soci\u00e9taux afin de proposer des recommandations concr\u00e8tes d\u2019am\u00e9lioration de la prise en compte des droits de chacun.<\/p>\n\n\n\n<p>Rendez-vous <a href=\"https:\/\/www.cliniquedudroit.fr\/index.php\/lenseignement-clinique-du-droit\/\" data-type=\"page\" data-id=\"19\">sur cette page<\/a> pour en savoir plus sur nos enseignements. <\/p>\n\n\n\n<h6 class=\"wp-block-heading\"><strong>AVANTAGES FISCAUX<\/strong><\/h6>\n\n\n\n<p>Une partie de votre don donne lieu \u00e0 des r\u00e9ductions d\u2019imp\u00f4ts<\/p>\n\n\n\n<p><strong><span class=\"has-inline-color has-luminous-vivid-orange-color\">Vous \u00eates un particulier :<\/span><\/strong> Vous recevrez un re\u00e7u fiscal vous permettant de r\u00e9duire votre imp\u00f4t sur le revenu de 66% du montant de votre don (75% si vous \u00eates imposable sur la fortune immobili\u00e8re). <em>Exemple: Pour un don de 100 \u20ac \u2013 r\u00e9duction d\u2019imp\u00f4ts de 66 \u20ac : le co\u00fbt r\u00e9el du don est de 34 \u20ac<\/em>. <\/p>\n\n\n\n<p><strong><mark style=\"background-color:rgba(0, 0, 0, 0)\" class=\"has-inline-color has-luminous-vivid-orange-color\">Vous \u00eates une entreprise :<\/mark><\/strong> Vous recevrez un re\u00e7u fiscal vous permettant de r\u00e9duire votre imp\u00f4t sur les soci\u00e9t\u00e9s de 60% du montant de votre don.<\/p>\n\n\n\n<h6 class=\"wp-block-heading\"><strong>COMMENT FAIRE UN DON ?<\/strong><\/h6>\n\n\n\n<p>Vous pouvez effectuer un don en ligne sur le site de la <a href=\"http:\/\/www.fondation.univ-bordeaux.fr\/projet\/clinique-du-droit\">Fondation Bordeaux universit\u00e9<\/a>&nbsp;en cliquant sur <strong>JE SOUTIENS<\/strong>.<\/p>\n","protected":false},"excerpt":{"rendered":"<p>NOS PARTENAIRES La Clinique du Droit remercie infiniment l\u2019ensemble de ses partenaires et m\u00e9c\u00e8nes pour leur soutien. Cliquez sur les logos pour en savoir plus. FAIRE UN DON A QUOI SERVIRA VOTRE DON ? Votre don servira \u00e0 financer les activit\u00e9s et enseignements innovants de la Clinique du droit. D\u00e9couvrez nos enseignements et quelques productions [&hellip;]<\/p>\n","protected":false},"author":1,"featured_media":0,"parent":0,"menu_order":0,"comment_status":"closed","ping_status":"closed","template":"","meta":{"footnotes":""},"_links":{"self":[{"href":"https:\/\/www.cliniquedudroit.fr\/index.php\/wp-json\/wp\/v2\/pages\/21"}],"collection":[{"href":"https:\/\/www.cliniquedudroit.fr\/index.php\/wp-json\/wp\/v2\/pages"}],"about":[{"href":"https:\/\/www.cliniquedudroit.fr\/index.php\/wp-json\/wp\/v2\/types\/page"}],"author":[{"embeddable":true,"href":"https:\/\/www.cliniquedudroit.fr\/index.php\/wp-json\/wp\/v2\/users\/1"}],"replies":[{"embeddable":true,"href":"https:\/\/www.cliniquedudroit.fr\/index.php\/wp-json\/wp\/v2\/comments?post=21"}],"version-history":[{"count":6,"href":"https:\/\/www.cliniquedudroit.fr\/index.php\/wp-json\/wp\/v2\/pages\/21\/revisions"}],"predecessor-version":[{"id":931,"href":"https:\/\/www.cliniquedudroit.fr\/index.php\/wp-json\/wp\/v2\/pages\/21\/revisions\/931"}],"wp:attachment":[{"href":"https:\/\/www.cliniquedudroit.fr\/index.php\/wp-json\/wp\/v2\/media?parent=21"}],"curies":[{"name":"wp","href":"https:\/\/api.w.org\/{rel}","templated":true}]}}