{"id":225,"date":"2020-08-31T13:55:39","date_gmt":"2020-08-31T11:55:39","guid":{"rendered":"http:\/\/www.cliniquedudroit.fr\/?page_id=225"},"modified":"2020-08-31T14:13:07","modified_gmt":"2020-08-31T12:13:07","slug":"la-pratique-de-la-religion-en-etablissement-de-sante","status":"publish","type":"page","link":"https:\/\/www.cliniquedudroit.fr\/index.php\/la-pratique-de-la-religion-en-etablissement-de-sante\/","title":{"rendered":"La pratique de la religion en \u00e9tablissement de sant\u00e9 &#8211; 2019"},"content":{"rendered":"\n<p>Chaque ann\u00e9e, la Clinique du droit se saisit d\u2019une th\u00e9matique issue de la soci\u00e9t\u00e9 civile afin d\u2019effectuer un projet de \u00ab recherche-clinique \u00bb.<br>Il s\u2019agit pour les \u00e9tudiants d\u2019un enseignement leur permettant de replacer un probl\u00e8me juridique dans son contexte social et d\u2019apporter un point de vue juridique et des solutions concr\u00e8tes sur un probl\u00e8me de soci\u00e9t\u00e9.<br>Durant l\u2019ann\u00e9e 2018-2019 les \u00e9tudiants de la clinique du droit issus du Master 2 Droit de la sant\u00e9, sous la supervision de C\u00e9cile CASTAING, Maitre de conf\u00e9rences en droit public-HDR, ont \u00e9tudi\u00e9 la pratique, pour le patient, de sa religion durant son s\u00e9jour dans un \u00e9tablissement de sant\u00e9.<\/p>\n\n\n\n<p>Si beaucoup d\u2019\u00e9tudes se sont int\u00e9ress\u00e9es au devoir de neutralit\u00e9 des agents publics ainsi qu\u2019\u00e0 l\u2019articulation du traitement m\u00e9dical et des croyances religieuses, le th\u00e8me de la pratique de la religion par le patient durant son s\u00e9jour restait un sujet \u00e0 \u00e9tudier.<\/p>\n\n\n\n<p>Il s\u2019agissait en effet d\u2019\u00e9tudier pr\u00e9cis\u00e9ment la probl\u00e9matique&nbsp; des repas, des lieux de culte pr\u00e9sents dans les \u00e9tablissements de sant\u00e9 ainsi que la pratique des rites, par exemple fun\u00e9raires.<\/p>\n\n\n\n<p>Pour cela, les \u00e9tudiants ont cr\u00e9\u00e9 trois instruments&nbsp; un questionnaire destin\u00e9 au personnel des \u00e9tablissements de sant\u00e9, un questionnaire destin\u00e9 aux patients et une fiche \u00ab entretien \u00bb pour interroger les directeurs d\u2019\u00e9tablissements et les aum\u00f4niers.<\/p>\n\n\n\n<p>Les recherches ont \u00e9t\u00e9 men\u00e9es au sein de quatre \u00e9tablissements de sant\u00e9 de la Gironde.<\/p>\n\n\n\n<p>Le rapport final transmet les r\u00e9sultats de cette analyse ainsi que des recommandations concr\u00e8tes propos\u00e9es aux acteurs concern\u00e9s par cette probl\u00e9matique.<\/p>\n\n\n\n<p>Le rapport final de cette \u00e9tude est t\u00e9l\u00e9chargeable ci-dessous :<\/p>\n\n\n\n<div class=\"wp-block-file\"><a href=\"http:\/\/www.cliniquedudroit.fr\/wp-content\/uploads\/2020\/08\/Rapport_provisoire-La-pratique-de-la-religion-durant-le-sejour-du-patient-dans-un-etablissement-de-sante.pdf\">La-pratique-de-la-religion-durant-le-sejour-du-patient-dans-un-etablissement-de-sante<\/a><a href=\"http:\/\/www.cliniquedudroit.fr\/wp-content\/uploads\/2020\/08\/Rapport_provisoire-La-pratique-de-la-religion-durant-le-sejour-du-patient-dans-un-etablissement-de-sante.pdf\" class=\"wp-block-file__button\" download>T\u00e9l\u00e9charger<\/a><\/div>\n\n\n\n<p><\/p>\n","protected":false},"excerpt":{"rendered":"<p>Chaque ann\u00e9e, la Clinique du droit se saisit d\u2019une th\u00e9matique issue de la soci\u00e9t\u00e9 civile afin d\u2019effectuer un projet de \u00ab recherche-clinique \u00bb.Il s\u2019agit pour les \u00e9tudiants d\u2019un enseignement leur permettant de replacer un probl\u00e8me juridique dans son contexte social et d\u2019apporter un point de vue juridique et des solutions concr\u00e8tes sur un probl\u00e8me de [&hellip;]<\/p>\n","protected":false},"author":1,"featured_media":0,"parent":0,"menu_order":0,"comment_status":"closed","ping_status":"closed","template":"","meta":{"footnotes":""},"_links":{"self":[{"href":"https:\/\/www.cliniquedudroit.fr\/index.php\/wp-json\/wp\/v2\/pages\/225"}],"collection":[{"href":"https:\/\/www.cliniquedudroit.fr\/index.php\/wp-json\/wp\/v2\/pages"}],"about":[{"href":"https:\/\/www.cliniquedudroit.fr\/index.php\/wp-json\/wp\/v2\/types\/page"}],"author":[{"embeddable":true,"href":"https:\/\/www.cliniquedudroit.fr\/index.php\/wp-json\/wp\/v2\/users\/1"}],"replies":[{"embeddable":true,"href":"https:\/\/www.cliniquedudroit.fr\/index.php\/wp-json\/wp\/v2\/comments?post=225"}],"version-history":[{"count":2,"href":"https:\/\/www.cliniquedudroit.fr\/index.php\/wp-json\/wp\/v2\/pages\/225\/revisions"}],"predecessor-version":[{"id":242,"href":"https:\/\/www.cliniquedudroit.fr\/index.php\/wp-json\/wp\/v2\/pages\/225\/revisions\/242"}],"wp:attachment":[{"href":"https:\/\/www.cliniquedudroit.fr\/index.php\/wp-json\/wp\/v2\/media?parent=225"}],"curies":[{"name":"wp","href":"https:\/\/api.w.org\/{rel}","templated":true}]}}