{"id":228,"date":"2020-08-31T14:00:22","date_gmt":"2020-08-31T12:00:22","guid":{"rendered":"http:\/\/www.cliniquedudroit.fr\/?page_id=228"},"modified":"2020-08-31T14:00:25","modified_gmt":"2020-08-31T12:00:25","slug":"la-libre-volonte-des-personnes-agees-a-lentree-en-ehpad-2019","status":"publish","type":"page","link":"https:\/\/www.cliniquedudroit.fr\/index.php\/la-libre-volonte-des-personnes-agees-a-lentree-en-ehpad-2019\/","title":{"rendered":"La libre volont\u00e9 des personnes \u00e2g\u00e9es \u00e0 l&#8217;entr\u00e9e en EHPAD &#8211; 2019"},"content":{"rendered":"\n<p>Durant l\u2019ann\u00e9e 2018-2019, les \u00e9tudiants de la clinique du droit issus du Master 2 Droit des Personnes et des Familles dirig\u00e9 par Madame la professeur Adeline GOUTTENOIRE, suite \u00e0 l\u2019engouement suscit\u00e9 par le rapport de recherche rendu l\u2019an pr\u00e9c\u00e9dent, ont r\u00e9alis\u00e9 une enqu\u00eate&nbsp; sous la supervision de Marie LAMARCHE, Maitre de conf\u00e9rences en droit priv\u00e9-HDR, sur la prise en compte de la volont\u00e9 des personnes \u00e2g\u00e9s dans le processus d\u2019entr\u00e9e en \u00e9tablissement d\u2019h\u00e9bergement pour personnes \u00e2g\u00e9es d\u00e9pendantes (EHPAD).<\/p>\n\n\n\n<p>Il s\u2019agissait d\u2019\u00e9tudier les principales raisons de l\u2019entr\u00e9e en EHPAD, les acteurs impliqu\u00e9s dans cette d\u00e9cision mais aussi les modalit\u00e9s concr\u00e8tes du recueil du consentement des personnes concern\u00e9es.<\/p>\n\n\n\n<p>Pour mener \u00e0 bien cette analyse, les \u00e9tudiants ont effectu\u00e9 une \u00e9tude pluridisciplinaire traitant \u00e0 la fois des aspects m\u00e9dicaux, sociologiques, juridiques, \u00e9conomiques et statistiques de l\u2019entr\u00e9e d\u2019une personne en EHPAD. Ils ont rencontr\u00e9 plusieurs acteurs concern\u00e9s par cette probl\u00e9matique : magistrats, avocats, personnel d\u2019EHPAD public ou priv\u00e9, assistants sociaux, cadre de sant\u00e9, etc.<\/p>\n\n\n\n<p>Le 21 juin 2019, les \u00e9tudiants ont tenu une conf\u00e9rence afin de rendre leur analyse et de proposer des recommandations concr\u00e8tes destin\u00e9es aux diff\u00e9rents professionnels concern\u00e9s par cette probl\u00e9matique.<\/p>\n\n\n\n<figure class=\"wp-block-image size-large\"><img loading=\"lazy\" decoding=\"async\" width=\"1024\" height=\"576\" src=\"http:\/\/www.cliniquedudroit.fr\/wp-content\/uploads\/2020\/08\/20190621_093318-1024x576.jpg\" alt=\"\" class=\"wp-image-230\" srcset=\"https:\/\/www.cliniquedudroit.fr\/wp-content\/uploads\/2020\/08\/20190621_093318-1024x576.jpg 1024w, https:\/\/www.cliniquedudroit.fr\/wp-content\/uploads\/2020\/08\/20190621_093318-300x169.jpg 300w, https:\/\/www.cliniquedudroit.fr\/wp-content\/uploads\/2020\/08\/20190621_093318-768x432.jpg 768w, https:\/\/www.cliniquedudroit.fr\/wp-content\/uploads\/2020\/08\/20190621_093318-1536x864.jpg 1536w, https:\/\/www.cliniquedudroit.fr\/wp-content\/uploads\/2020\/08\/20190621_093318-2048x1152.jpg 2048w\" sizes=\"(max-width: 1024px) 100vw, 1024px\" \/><\/figure>\n\n\n\n<p>Le rapport final de cette \u00e9tude est t\u00e9l\u00e9chargeable ci dessous :<\/p>\n\n\n\n<div class=\"wp-block-file\"><a href=\"http:\/\/www.cliniquedudroit.fr\/wp-content\/uploads\/2020\/08\/Rapport_La-libre-volonte-de-la-personne-agee-dans-le-processus-dentree-en-Ehpad.pdf\">Rapport_La-libre-volonte-de-la-personne-agee-dans-le-processus-dentree-en-Ehpad<\/a><a href=\"http:\/\/www.cliniquedudroit.fr\/wp-content\/uploads\/2020\/08\/Rapport_La-libre-volonte-de-la-personne-agee-dans-le-processus-dentree-en-Ehpad.pdf\" class=\"wp-block-file__button\" download>T\u00e9l\u00e9charger<\/a><\/div>\n\n\n\n<p><\/p>\n","protected":false},"excerpt":{"rendered":"<p>Durant l\u2019ann\u00e9e 2018-2019, les \u00e9tudiants de la clinique du droit issus du Master 2 Droit des Personnes et des Familles dirig\u00e9 par Madame la professeur Adeline GOUTTENOIRE, suite \u00e0 l\u2019engouement suscit\u00e9 par le rapport de recherche rendu l\u2019an pr\u00e9c\u00e9dent, ont r\u00e9alis\u00e9 une enqu\u00eate&nbsp; sous la supervision de Marie LAMARCHE, Maitre de conf\u00e9rences en droit priv\u00e9-HDR, [&hellip;]<\/p>\n","protected":false},"author":1,"featured_media":0,"parent":0,"menu_order":0,"comment_status":"closed","ping_status":"closed","template":"","meta":{"footnotes":""},"_links":{"self":[{"href":"https:\/\/www.cliniquedudroit.fr\/index.php\/wp-json\/wp\/v2\/pages\/228"}],"collection":[{"href":"https:\/\/www.cliniquedudroit.fr\/index.php\/wp-json\/wp\/v2\/pages"}],"about":[{"href":"https:\/\/www.cliniquedudroit.fr\/index.php\/wp-json\/wp\/v2\/types\/page"}],"author":[{"embeddable":true,"href":"https:\/\/www.cliniquedudroit.fr\/index.php\/wp-json\/wp\/v2\/users\/1"}],"replies":[{"embeddable":true,"href":"https:\/\/www.cliniquedudroit.fr\/index.php\/wp-json\/wp\/v2\/comments?post=228"}],"version-history":[{"count":1,"href":"https:\/\/www.cliniquedudroit.fr\/index.php\/wp-json\/wp\/v2\/pages\/228\/revisions"}],"predecessor-version":[{"id":231,"href":"https:\/\/www.cliniquedudroit.fr\/index.php\/wp-json\/wp\/v2\/pages\/228\/revisions\/231"}],"wp:attachment":[{"href":"https:\/\/www.cliniquedudroit.fr\/index.php\/wp-json\/wp\/v2\/media?parent=228"}],"curies":[{"name":"wp","href":"https:\/\/api.w.org\/{rel}","templated":true}]}}