{"id":443,"date":"2021-02-25T11:44:46","date_gmt":"2021-02-25T10:44:46","guid":{"rendered":"http:\/\/www.cliniquedudroit.fr\/?page_id=443"},"modified":"2025-11-12T10:31:09","modified_gmt":"2025-11-12T09:31:09","slug":"leservicedinformationjuridique","status":"publish","type":"page","link":"https:\/\/www.cliniquedudroit.fr\/index.php\/leservicedinformationjuridique\/","title":{"rendered":"Le service d&#8217;information juridique"},"content":{"rendered":"\n<p>Sur cette page, vous trouverez les informations concernant le service d&#8217;information juridique : <\/p>\n\n\n\n<ul>\n<li>Pr\u00e9sentation du SIJ<\/li>\n\n\n\n<li>B\u00e9n\u00e9ficier du SIJ<\/li>\n\n\n\n<li>Participer au SIJ<\/li>\n\n\n\n<li>On parle du SIJ<\/li>\n<\/ul>\n\n\n\n<h2 class=\"wp-block-heading\">C&#8217;est quoi le SIJ ?<\/h2>\n\n\n\n<ul>\n<li><strong>Information juridique et pas conseil ! <\/strong><\/li>\n<\/ul>\n\n\n\n<p>Le SIJ est un service d&#8217;information juridique gratuit et confidentiel ouvert aux particuliers.<\/p>\n\n\n\n<p>Les entretiens sont men\u00e9s par des \u00e9tudiants et \u00e9tudiantes de 5\u00e8me ann\u00e9e de droit, supervis\u00e9s par des enseignants-chercheurs, et pr\u00e9alablement form\u00e9s \u00e0 la gestion des entretiens.<\/p>\n\n\n\n<p>L&#8217;objectif du SIJ est de simplifier l&#8217;acc\u00e8s au droit pour les usagers. La Clinique du droit apporte des \u00e9l\u00e9ments d&#8217;information juridique, et un \u00e9clairage sur les probl\u00e8mes rencontr\u00e9s par l&#8217;usager. <\/p>\n\n\n\n<p><\/p>\n\n\n\n<p><\/p>\n\n\n\n<ul>\n<li><strong>Syst\u00e8me de double rendez-vous <\/strong><\/li>\n<\/ul>\n\n\n\n<p>Le SIJ fonctionne obligatoirement sur un syst\u00e8me de deux rendez-vous, \u00e0 une semaine d&#8217;intervalle. Durant cette p\u00e9riode, les \u00e9tudiants effectuent le travail et les recherches n\u00e9cessaires aux probl\u00e9matiques juridiques de l&#8217;usager. <\/p>\n\n\n\n<p>Les permanences de la Clinique du droit se d\u00e9roulent les mardis et jeudis soirs, entre 17h et 20 heures, dans ses locaux, 35 place Pey Berland.<\/p>\n\n\n\n<p>Les th\u00e9matiques trait\u00e9es le mardi sont les suivantes : consommation, surendettement, contrats, droit p\u00e9nal, droit de la famille, droit des affaires. <\/p>\n\n\n\n<p>Les th\u00e9matiques trait\u00e9es les jeudis sont les suivantes : droit social, assurances et responsabilit\u00e9s, urbanisme, relations avec les administrations, droit des \u00e9trangers\/international.<\/p>\n\n\n\n<p><\/p>\n\n\n\n<h2 class=\"wp-block-heading has-large-font-size\">B\u00e9n\u00e9ficier du SIJ<\/h2>\n\n\n\n<p>Le Service d&#8217;Information Juridique assure ses permanences les mardis et jeudis soirs :<\/p>\n\n\n\n<ul>\n<li><strong>Mardi : droit des personnes et de la famille \/ droit p\u00e9nal \/ droit de la propri\u00e9t\u00e9 intellectuelle \/ contrats, surendettement et consommation \/ droit des affaires<\/strong><\/li>\n\n\n\n<li><strong>Jeudi : assurances et responsabilit\u00e9s \/ droit social \/ droit des relations avec l&#8217;administration \/ droit de l&#8217;urbanisme \/ droit des \u00e9trangers et droit international<\/strong> <strong>priv\u00e9<\/strong><\/li>\n<\/ul>\n\n\n\n<p><\/p>\n\n\n\n<div style=\"width: 100%;\"><div style=\"position: relative; padding-bottom: 56.25%; padding-top: 0; height: 0;\"><iframe loading=\"lazy\" title=\"PRESENTATION SIJ\" frameborder=\"0\" width=\"1200\" height=\"675\" style=\"position: absolute; top: 0; left: 0; width: 100%; height: 100%;\" src=\"https:\/\/view.genially.com\/62da5fa45676780013e77ba4\" type=\"text\/html\" allowscriptaccess=\"always\" allowfullscreen=\"true\" scrolling=\"yes\" allownetworking=\"all\"><\/iframe> <\/div> <\/div>\n\n\n\n<p>Pour nous faire part de votre probl\u00e9matique juridique et prendre rendez-vous, contactez-nous : <\/p>\n\n\n\n<ul>\n<li>Par t\u00e9l\u00e9phone : 05 56 84 62 87 &#8211; <em>du lundi au vendredi, de 9h \u00e0 17h<\/em><\/li>\n\n\n\n<li>Par courriel : cliniquedudroit@u-bordeaux.fr<\/li>\n\n\n\n<li>Au travers de notre formulaire ci-dessous : <\/li>\n<\/ul>\n\n\n\n<div class=\"wpcf7 no-js\" id=\"wpcf7-f151-o1\" lang=\"fr-FR\" dir=\"ltr\">\n<div class=\"screen-reader-response\"><p role=\"status\" aria-live=\"polite\" aria-atomic=\"true\"><\/p> <ul><\/ul><\/div>\n<form action=\"\/index.php\/wp-json\/wp\/v2\/pages\/443#wpcf7-f151-o1\" method=\"post\" class=\"wpcf7-form init\" aria-label=\"Formulaire de contact\" novalidate=\"novalidate\" data-status=\"init\">\n<div style=\"display: none;\">\n<input type=\"hidden\" name=\"_wpcf7\" value=\"151\" \/>\n<input type=\"hidden\" name=\"_wpcf7_version\" value=\"5.9.8\" \/>\n<input type=\"hidden\" name=\"_wpcf7_locale\" value=\"fr_FR\" \/>\n<input type=\"hidden\" name=\"_wpcf7_unit_tag\" value=\"wpcf7-f151-o1\" \/>\n<input type=\"hidden\" name=\"_wpcf7_container_post\" value=\"0\" \/>\n<input type=\"hidden\" name=\"_wpcf7_posted_data_hash\" value=\"\" \/>\n<input type=\"hidden\" name=\"_wpcf7_recaptcha_response\" value=\"\" \/>\n<\/div>\n<p><label> Votre nom (obligatoire)<br \/>\n<span class=\"wpcf7-form-control-wrap\" data-name=\"your-name\"><input size=\"40\" maxlength=\"400\" class=\"wpcf7-form-control wpcf7-text wpcf7-validates-as-required\" aria-required=\"true\" aria-invalid=\"false\" value=\"\" type=\"text\" name=\"your-name\" \/><\/span> <\/label>\n<\/p>\n<p><label> Votre adresse de messagerie (obligatoire)<br \/>\n<span class=\"wpcf7-form-control-wrap\" data-name=\"your-email\"><input size=\"40\" maxlength=\"400\" class=\"wpcf7-form-control wpcf7-email wpcf7-validates-as-required wpcf7-text wpcf7-validates-as-email\" aria-required=\"true\" aria-invalid=\"false\" value=\"\" type=\"email\" name=\"your-email\" \/><\/span> <\/label>\n<\/p>\n<p><label> Objet<br \/>\n<span class=\"wpcf7-form-control-wrap\" data-name=\"your-subject\"><input size=\"40\" maxlength=\"400\" class=\"wpcf7-form-control wpcf7-text\" aria-invalid=\"false\" value=\"\" type=\"text\" name=\"your-subject\" \/><\/span> <\/label>\n<\/p>\n<p><label> Votre message<br \/>\n<span class=\"wpcf7-form-control-wrap\" data-name=\"your-message\"><textarea cols=\"40\" rows=\"10\" maxlength=\"2000\" class=\"wpcf7-form-control wpcf7-textarea\" aria-invalid=\"false\" name=\"your-message\"><\/textarea><\/span> <\/label><br \/>\n<input class=\"wpcf7-form-control wpcf7-submit has-spinner\" type=\"submit\" value=\"Envoyer\" \/>\n<\/p><div class=\"wpcf7-response-output\" aria-hidden=\"true\"><\/div>\n<\/form>\n<\/div>\n\n\n\n\n<p><\/p>\n\n\n\n<p><em>En cas de fermeture de la Clinique du droit, nous vous invitons \u00e0 contacter un autre organisme d&#8217;acc\u00e8s au droit. Le CDAD de la Gironde pourra notamment r\u00e9pondre \u00e0 vos questions. Vous pouvez les contacter au 05 47 33 91 17 ou sur leur site internet (<a href=\"https:\/\/www.cdad-gironde.justice.fr\">https:\/\/www.cdad-gironde.justice.fr<\/a>).<\/em><\/p>\n\n\n\n<h2 class=\"wp-block-heading has-large-font-size\">Participer au SIJ<\/h2>\n\n\n\n<div style=\"width: 100%;\"><div style=\"position: relative; padding-bottom: 56.25%; padding-top: 0; height: 0;\"><iframe loading=\"lazy\" title=\"PARTICIPATION AU SIJ\" frameborder=\"0\" width=\"1200\" height=\"675\" style=\"position: absolute; top: 0; left: 0; width: 100%; height: 100%;\" src=\"https:\/\/view.genially.com\/631f2fe00bfd41001167873a\" type=\"text\/html\" allowscriptaccess=\"always\" allowfullscreen=\"true\" scrolling=\"yes\" allownetworking=\"all\"><\/iframe> <\/div> <\/div>\n\n\n\n<p>Pour tout savoir sur son fonctionnement et comment s&#8217;articulerait votre participation, vous pouvez d\u00e9couvrir notre Foire aux questions ci-dessous : <\/p>\n\n\n\n<div class=\"wp-block-file\"><a id=\"wp-block-file--media-0da08b04-d8cf-41ff-89df-707ecb249993\" href=\"https:\/\/www.cliniquedudroit.fr\/wp-content\/uploads\/2025\/10\/SIJ-Foire-aux-Questions.pdf\" target=\"_blank\" rel=\"noreferrer noopener\">SIJ-Foire-aux-Questions<\/a><a href=\"https:\/\/www.cliniquedudroit.fr\/wp-content\/uploads\/2025\/10\/SIJ-Foire-aux-Questions.pdf\" class=\"wp-block-file__button wp-element-button\" download aria-describedby=\"wp-block-file--media-0da08b04-d8cf-41ff-89df-707ecb249993\">T\u00e9l\u00e9charger<\/a><\/div>\n\n\n\n<h2 class=\"wp-block-heading\">Qui peut s&#8217;inscrire ? <\/h2>\n\n\n\n<p>Ce projet est ouvert aux \u00e9tudiants de l&#8217;Universit\u00e9 de Bordeaux titulaires d&#8217;un Master I et inscrits dans les formations suivantes : <\/p>\n\n\n\n<p><strong>Master II<\/strong><\/p>\n\n\n\n<ul>\n<li>Master 2 Droit et pratique de l&#8217;assurance<\/li>\n\n\n\n<li>Master 2 Droit et gestion du patrimoine<\/li>\n\n\n\n<li>Master 2 Droit de l&#8217;urbanisme, de la construction et de l&#8217;immobilier<\/li>\n\n\n\n<li>Master 2 Droit notarial<\/li>\n\n\n\n<li>Master 2 Droit des personnes et des familles*<\/li>\n\n\n\n<li>Master 2 Droit priv\u00e9 approfondi : dominante droit civil<\/li>\n\n\n\n<li>Master 2 Droit priv\u00e9 approfondi : dominante droit des affaires<\/li>\n\n\n\n<li>Master 2 Droit de la vigne et du vin<\/li>\n\n\n\n<li>Master 2 Banque, financement et recouvrement<\/li>\n\n\n\n<li>Master 2 Mediaatic<\/li>\n\n\n\n<li>Master 2 Droit des relations de travail dans l&#8217;entreprise*<\/li>\n\n\n\n<li>Master 2 Droit du travail et de la protection sociale<\/li>\n\n\n\n<li>Master 2 Droit p\u00e9nal approfondi<\/li>\n\n\n\n<li>Master 2 Contentieux judiciaire<\/li>\n\n\n\n<li>Master 2 Culture juridique<\/li>\n\n\n\n<li>Master 2 Droit de la sant\u00e9*<\/li>\n\n\n\n<li>Master 2 Droit international<\/li>\n\n\n\n<li>Master 2 Etudes juridiques europ\u00e9ennes<\/li>\n\n\n\n<li>Master 2 Expertise en affaires europ\u00e9ennes<\/li>\n\n\n\n<li>Master 2 Droit public fondamental<\/li>\n\n\n\n<li>Master 2 Contentieux publics<\/li>\n\n\n\n<li>Master 2 Droit des collectivit\u00e9s territoriales<\/li>\n\n\n\n<li>Master 2 Droit public des affaires<\/li>\n\n\n\n<li>Master 2 Droit de l&#8217;urbanisme, de la construction et de l&#8217;am\u00e9nagement<\/li>\n\n\n\n<li>Master 2 Droit des \u00e9changes euro-m\u00e9diterran\u00e9ens<\/li>\n\n\n\n<li>Master 2 Criminologie<\/li>\n\n\n\n<li>Master 2 Droit de l&#8217;emploi et des relations sociales<\/li>\n<\/ul>\n\n\n\n<p><em>Les M2 marqu\u00e9s d&#8217;une * ont int\u00e9gr\u00e9 le service d&#8217;information juridique comme obligatoire, et la proc\u00e9dure d&#8217;inscription est donc diff\u00e9renci\u00e9e.<\/em><\/p>\n\n\n\n<p><strong>Institut d&#8217;Etudes Judiciaires<\/strong><\/p>\n\n\n\n<ul>\n<li>IEJ Pr\u00e9paration \u00e0 l&#8217;examen d&#8217;entr\u00e9e \u00e0 l&#8217;Ecole Des Avocats<\/li>\n\n\n\n<li>IEJ Pr\u00e9paration au concours d&#8217;acc\u00e8s \u00e0 l&#8217;Ecole Nationale de la Magistrature<\/li>\n\n\n\n<li>IEJ Pr\u00e9paration aux m\u00e9tiers de l&#8217;ex\u00e9cution des peines<\/li>\n<\/ul>\n\n\n\n<h2 class=\"wp-block-heading\">Comment s&#8217;inscrire ? <\/h2>\n\n\n\n<p>Vous devez d&#8217;abord vous inscrire sur le site du PassoSij sur le lien suivant : <a href=\"https:\/\/passosij.cliniquedudroit.fr\/\" data-type=\"link\" data-id=\"https:\/\/passosij.cliniquedudroit.fr\/\">https:\/\/passosij.cliniquedudroit.fr\/<\/a><\/p>\n\n\n\n<p>Pour vous inscrire \u00e0 une cat\u00e9gorie du SIJ, veuillez suivre le guide \u00e9tudiant : <\/p>\n\n\n\n<div class=\"wp-block-file has-white-background-color has-background\"><a id=\"wp-block-file--media-81c114ae-dd56-4cb7-8c3a-db9de238d291\" href=\"https:\/\/www.cliniquedudroit.fr\/wp-content\/uploads\/2025\/10\/PassoSij-Guide-Inscription-Etudiant.pdf\" target=\"_blank\" rel=\"noreferrer noopener\">PassoSij-Guide-Inscription-Etudiant<\/a><a href=\"https:\/\/www.cliniquedudroit.fr\/wp-content\/uploads\/2025\/10\/PassoSij-Guide-Inscription-Etudiant.pdf\" class=\"wp-block-file__button wp-element-button\" download aria-describedby=\"wp-block-file--media-81c114ae-dd56-4cb7-8c3a-db9de238d291\">T\u00e9l\u00e9charger<\/a><\/div>\n\n\n\n<p>Il est n\u00e9cessaire pour cette \u00e9tape d&#8217;avoir cr\u00e9\u00e9 pr\u00e9alablement votre Idnum. Sur ce site, vous pourrez choisir la cat\u00e9gorie dans laquelle vous souhaiter vous inscrire. Vous pouvez s\u00e9lectionner la cat\u00e9gorie choisie sur les 9 cat\u00e9gories propos\u00e9es, puis vous cliquez sur &#8220;Confirmer la r\u00e9servation de ma place&#8221;. <strong>Attention, pour le bon fonctionnement du service, le nombre de places par cat\u00e9gorie est limit\u00e9<\/strong>. Si vous ne parvenez pas \u00e0 rejoindre une des cat\u00e9gories, cela signifie que le nombre de participants est atteint pour cette cat\u00e9gorie. Vous pouvez cependant vous reporter sur une autre. <\/p>\n\n\n\n<p>D\u00e9tail des cat\u00e9gories propos\u00e9es : Droit des personnes et de la famille \/ Contrats, consommation et surendettement \/ Droit des affaires \/ Droit social \/ Droit de l&#8217;urbanisme et de l&#8217;immobilier \/ Droit p\u00e9nal \/ Droit des \u00e9trangers et droit international \/ Assurances et responsabilit\u00e9s \/ Droit de la propri\u00e9t\u00e9 intellectuelle \/ Droit des relations avec l&#8217;administration. <\/p>\n\n\n\n<p>Le formulaire devra \u00eatre compl\u00e9t\u00e9 avec toutes les informations demand\u00e9es et la charte de d\u00e9ontologie approuv\u00e9e. <\/p>\n\n\n\n<p><strong>Votre inscription ne sera prise en compte qu&#8217;une fois toutes les \u00e9tapes compl\u00e9t\u00e9es. <\/strong>Un mail de confirmation de votre inscription vous sera envoy\u00e9. <\/p>\n\n\n\n<p class=\"has-black-color has-text-color has-link-color wp-elements-a3adc8ada8c64446469f0d07e7d4b0fd\"><em>Pour toute question concernant les modalit\u00e9s d&#8217;inscription, vous pouvez nous \u00e9crire (cliniquedudroit@u-bordeaux.fr) ou nous appeler au 05 56 84 62 87.<\/em><\/p>\n\n\n\n<h2 class=\"wp-block-heading\">On parle du SIJ<\/h2>\n\n\n\n<p><em>Retrouvez ci-dessous le t\u00e9moignage d&#8217;\u00e9tudiantes ayant particip\u00e9 au SIJ !<\/em><\/p>\n\n\n\n<figure class=\"wp-block-embed is-type-video is-provider-youtube wp-block-embed-youtube wp-embed-aspect-16-9 wp-has-aspect-ratio\"><div class=\"wp-block-embed__wrapper\">\n<iframe loading=\"lazy\" title=\"Le Service d&#039;information juridique de la Clinique du droit\" width=\"525\" height=\"295\" src=\"https:\/\/www.youtube.com\/embed\/DuIZc1HVbcg?start=1&#038;feature=oembed\" frameborder=\"0\" allow=\"accelerometer; autoplay; clipboard-write; encrypted-media; gyroscope; picture-in-picture; web-share\" referrerpolicy=\"strict-origin-when-cross-origin\" allowfullscreen><\/iframe>\n<\/div><\/figure>\n","protected":false},"excerpt":{"rendered":"<p>Sur cette page, vous trouverez les informations concernant le service d&#8217;information juridique : C&#8217;est quoi le SIJ ? Le SIJ est un service d&#8217;information juridique gratuit et confidentiel ouvert aux particuliers. Les entretiens sont men\u00e9s par des \u00e9tudiants et \u00e9tudiantes de 5\u00e8me ann\u00e9e de droit, supervis\u00e9s par des enseignants-chercheurs, et pr\u00e9alablement form\u00e9s \u00e0 la gestion [&hellip;]<\/p>\n","protected":false},"author":1,"featured_media":0,"parent":0,"menu_order":0,"comment_status":"closed","ping_status":"closed","template":"","meta":{"footnotes":""},"_links":{"self":[{"href":"https:\/\/www.cliniquedudroit.fr\/index.php\/wp-json\/wp\/v2\/pages\/443"}],"collection":[{"href":"https:\/\/www.cliniquedudroit.fr\/index.php\/wp-json\/wp\/v2\/pages"}],"about":[{"href":"https:\/\/www.cliniquedudroit.fr\/index.php\/wp-json\/wp\/v2\/types\/page"}],"author":[{"embeddable":true,"href":"https:\/\/www.cliniquedudroit.fr\/index.php\/wp-json\/wp\/v2\/users\/1"}],"replies":[{"embeddable":true,"href":"https:\/\/www.cliniquedudroit.fr\/index.php\/wp-json\/wp\/v2\/comments?post=443"}],"version-history":[{"count":14,"href":"https:\/\/www.cliniquedudroit.fr\/index.php\/wp-json\/wp\/v2\/pages\/443\/revisions"}],"predecessor-version":[{"id":1976,"href":"https:\/\/www.cliniquedudroit.fr\/index.php\/wp-json\/wp\/v2\/pages\/443\/revisions\/1976"}],"wp:attachment":[{"href":"https:\/\/www.cliniquedudroit.fr\/index.php\/wp-json\/wp\/v2\/media?parent=443"}],"curies":[{"name":"wp","href":"https:\/\/api.w.org\/{rel}","templated":true}]}}