{"id":513,"date":"2021-07-12T13:26:12","date_gmt":"2021-07-12T11:26:12","guid":{"rendered":"http:\/\/www.cliniquedudroit.fr\/?page_id=513"},"modified":"2021-07-12T13:26:15","modified_gmt":"2021-07-12T11:26:15","slug":"la-categorie-de-cadre-2021","status":"publish","type":"page","link":"https:\/\/www.cliniquedudroit.fr\/index.php\/la-categorie-de-cadre-2021\/","title":{"rendered":"La cat\u00e9gorie de cadre &#8211; 2021"},"content":{"rendered":"\n<p>Durant l\u2019ann\u00e9e universitaire 2020-2021, les \u00e9tudiants du Master 2 Droit des Relations de Travail dans l\u2019Entreprise et du Master Droit du travail et de la protection sociale ont men\u00e9 une Recherche en Actions dont le sujet d\u2019\u00e9tude a \u00e9t\u00e9 confi\u00e9 par la F\u00e9d\u00e9ration des transports et de l\u2019environnement (FGTE-CFDT). La FGTE-CFDT a souhait\u00e9 faire appel \u00e0 des \u00e9tudiants pour r\u00e9fl\u00e9chir \u00e0 de nouvelles interrogations sur la cat\u00e9gorie des cadres. Les difficult\u00e9s pour cerner la cat\u00e9gorie des cadres dans l\u2019ensemble des branches d\u2019activit\u00e9s posent des probl\u00e8mes pratiques aux entreprises.<\/p>\n\n\n\n<p>Assez rapidement, l\u2019objectif de d\u00e9finir un cadre a \u00e9t\u00e9 abandonn\u00e9 car aucune d\u00e9finition g\u00e9n\u00e9rique ne peut \u00eatre propos\u00e9e au regard de la diversit\u00e9 des activit\u00e9s professionnelles et des situations personnelles singuli\u00e8res. Si l\u2019impossibilit\u00e9 de d\u00e9finir la cat\u00e9gorie des cadres est apparue comme un \u00e9cueil, les recherches ont permis de faire \u00e9merger un moyen de le contourner en traitant des difficult\u00e9s d\u2019acc\u00e8s \u00e0 cette cat\u00e9gorie.<\/p>\n\n\n\n<p><em>Ce rapport propose ainsi d\u2019interroger les enjeux et les obstacles de l&#8217;acc\u00e8s \u00e0 la cat\u00e9gorie de cadre et de sugg\u00e9rer des moyens de lever ces difficult\u00e9s.&nbsp;<\/em><\/p>\n\n\n\n<p>Le 20 mai 2021 les \u00e9tudiants ont pu, au cours d\u2019un atelier de restitution qu\u2019ils ont organis\u00e9, rendre compte de leur travail et proposer des recommandations aux acteurs de terrains pr\u00e9sents.<\/p>\n\n\n\n<p>Le rapport final de leur \u00e9tude est t\u00e9l\u00e9chargeable ci-dessous :<\/p>\n\n\n\n<div class=\"wp-block-file\"><a href=\"http:\/\/www.cliniquedudroit.fr\/wp-content\/uploads\/2021\/07\/RAPPORT-DEFINITIF-drte-dtps.pdf\">RAPPORT FINAL La cat\u00e9gorie de cadre<\/a><a href=\"http:\/\/www.cliniquedudroit.fr\/wp-content\/uploads\/2021\/07\/RAPPORT-DEFINITIF-drte-dtps.pdf\" class=\"wp-block-file__button\" download>T\u00e9l\u00e9charger<\/a><\/div>\n\n\n\n<figure class=\"wp-block-gallery columns-2 is-cropped wp-block-gallery-1 is-layout-flex wp-block-gallery-is-layout-flex\"><ul class=\"blocks-gallery-grid\"><li class=\"blocks-gallery-item\"><figure><img loading=\"lazy\" decoding=\"async\" width=\"1024\" height=\"768\" src=\"http:\/\/www.cliniquedudroit.fr\/wp-content\/uploads\/2021\/07\/P1015858-1024x768.jpg\" alt=\"\" data-id=\"519\" data-full-url=\"http:\/\/www.cliniquedudroit.fr\/wp-content\/uploads\/2021\/07\/P1015858-scaled.jpg\" data-link=\"http:\/\/www.cliniquedudroit.fr\/?attachment_id=519\" class=\"wp-image-519\" srcset=\"https:\/\/www.cliniquedudroit.fr\/wp-content\/uploads\/2021\/07\/P1015858-1024x768.jpg 1024w, https:\/\/www.cliniquedudroit.fr\/wp-content\/uploads\/2021\/07\/P1015858-300x225.jpg 300w, https:\/\/www.cliniquedudroit.fr\/wp-content\/uploads\/2021\/07\/P1015858-768x576.jpg 768w, https:\/\/www.cliniquedudroit.fr\/wp-content\/uploads\/2021\/07\/P1015858-1536x1152.jpg 1536w, https:\/\/www.cliniquedudroit.fr\/wp-content\/uploads\/2021\/07\/P1015858-2048x1536.jpg 2048w\" sizes=\"(max-width: 1024px) 100vw, 1024px\" \/><\/figure><\/li><li class=\"blocks-gallery-item\"><figure><img loading=\"lazy\" decoding=\"async\" width=\"1024\" height=\"768\" src=\"http:\/\/www.cliniquedudroit.fr\/wp-content\/uploads\/2021\/07\/P1015871-1024x768.jpg\" alt=\"\" data-id=\"520\" data-full-url=\"http:\/\/www.cliniquedudroit.fr\/wp-content\/uploads\/2021\/07\/P1015871-scaled.jpg\" data-link=\"http:\/\/www.cliniquedudroit.fr\/?attachment_id=520\" class=\"wp-image-520\" srcset=\"https:\/\/www.cliniquedudroit.fr\/wp-content\/uploads\/2021\/07\/P1015871-1024x768.jpg 1024w, https:\/\/www.cliniquedudroit.fr\/wp-content\/uploads\/2021\/07\/P1015871-300x225.jpg 300w, https:\/\/www.cliniquedudroit.fr\/wp-content\/uploads\/2021\/07\/P1015871-768x576.jpg 768w, https:\/\/www.cliniquedudroit.fr\/wp-content\/uploads\/2021\/07\/P1015871-1536x1152.jpg 1536w, https:\/\/www.cliniquedudroit.fr\/wp-content\/uploads\/2021\/07\/P1015871-2048x1536.jpg 2048w\" sizes=\"(max-width: 1024px) 100vw, 1024px\" \/><\/figure><\/li><\/ul><\/figure>\n","protected":false},"excerpt":{"rendered":"<p>Durant l\u2019ann\u00e9e universitaire 2020-2021, les \u00e9tudiants du Master 2 Droit des Relations de Travail dans l\u2019Entreprise et du Master Droit du travail et de la protection sociale ont men\u00e9 une Recherche en Actions dont le sujet d\u2019\u00e9tude a \u00e9t\u00e9 confi\u00e9 par la F\u00e9d\u00e9ration des transports et de l\u2019environnement (FGTE-CFDT). La FGTE-CFDT a souhait\u00e9 faire appel [&hellip;]<\/p>\n","protected":false},"author":1,"featured_media":0,"parent":0,"menu_order":0,"comment_status":"closed","ping_status":"closed","template":"","meta":{"footnotes":""},"_links":{"self":[{"href":"https:\/\/www.cliniquedudroit.fr\/index.php\/wp-json\/wp\/v2\/pages\/513"}],"collection":[{"href":"https:\/\/www.cliniquedudroit.fr\/index.php\/wp-json\/wp\/v2\/pages"}],"about":[{"href":"https:\/\/www.cliniquedudroit.fr\/index.php\/wp-json\/wp\/v2\/types\/page"}],"author":[{"embeddable":true,"href":"https:\/\/www.cliniquedudroit.fr\/index.php\/wp-json\/wp\/v2\/users\/1"}],"replies":[{"embeddable":true,"href":"https:\/\/www.cliniquedudroit.fr\/index.php\/wp-json\/wp\/v2\/comments?post=513"}],"version-history":[{"count":5,"href":"https:\/\/www.cliniquedudroit.fr\/index.php\/wp-json\/wp\/v2\/pages\/513\/revisions"}],"predecessor-version":[{"id":521,"href":"https:\/\/www.cliniquedudroit.fr\/index.php\/wp-json\/wp\/v2\/pages\/513\/revisions\/521"}],"wp:attachment":[{"href":"https:\/\/www.cliniquedudroit.fr\/index.php\/wp-json\/wp\/v2\/media?parent=513"}],"curies":[{"name":"wp","href":"https:\/\/api.w.org\/{rel}","templated":true}]}}