{"id":523,"date":"2021-07-15T15:49:50","date_gmt":"2021-07-15T13:49:50","guid":{"rendered":"http:\/\/www.cliniquedudroit.fr\/?page_id=523"},"modified":"2021-07-15T15:49:52","modified_gmt":"2021-07-15T13:49:52","slug":"les-addictions-et-le-droit-2021","status":"publish","type":"page","link":"https:\/\/www.cliniquedudroit.fr\/index.php\/les-addictions-et-le-droit-2021\/","title":{"rendered":"Les addictions et le droit &#8211; 2021"},"content":{"rendered":"\n<p>Durant l\u2019ann\u00e9e universitaire 2020-2021, les \u00e9tudiants du Master 2 Droit de la sant\u00e9 ont men\u00e9 une Recherche en Actions sur le sujet des Addictions et le droit sous la supervision de C\u00e9cile Castaing, Ma\u00eetre de conf\u00e9rences-HDR en droit public. <\/p>\n\n\n\n<p>Ce sujet concerne une grande partie de la population mais n\u2019est finalement pas r\u00e9ellement connu. C\u2019est un probl\u00e8me de sant\u00e9 publique et les politiques publiques en la mati\u00e8re sont un v\u00e9ritable enjeu pour la soci\u00e9t\u00e9. Les \u00e9tudiants ont constat\u00e9 un probl\u00e8me de d\u00e9finition de l\u2019addiction notamment dans le code de la sant\u00e9 publique. Ce dernier \u00e9voque en effet le terme de toxicomanie et non d\u2019addiction. Cela a forc\u00e9ment une influence sur les politiques de sant\u00e9 publique et la prise en charge de la personne addicte. Ainsi, l\u2019\u00e9tude, notamment par enqu\u00eate de terrain, a permis de clarifier la d\u00e9finition de l\u2019addiction et de soulever les diff\u00e9rents probl\u00e8mes entourant cette pathologie. Il a \u00e9t\u00e9 possible de faire des recommandations pour am\u00e9liorer les politiques publiques et la prise en charge de la personne addicte.<\/p>\n\n\n\n<p>Le rapport final de leur \u00e9tude est t\u00e9l\u00e9chargeable ci-dessous : <\/p>\n\n\n\n<div class=\"wp-block-file\"><a href=\"http:\/\/www.cliniquedudroit.fr\/wp-content\/uploads\/2021\/07\/RAPPORT_ADDICTIONS_2021-bon-logo.pdf\">RAPPORT ADDICTIONS 2021<\/a><a href=\"http:\/\/www.cliniquedudroit.fr\/wp-content\/uploads\/2021\/07\/RAPPORT_ADDICTIONS_2021-bon-logo.pdf\" class=\"wp-block-file__button\" download>T\u00e9l\u00e9charger<\/a><\/div>\n\n\n\n<p><\/p>\n","protected":false},"excerpt":{"rendered":"<p>Durant l\u2019ann\u00e9e universitaire 2020-2021, les \u00e9tudiants du Master 2 Droit de la sant\u00e9 ont men\u00e9 une Recherche en Actions sur le sujet des Addictions et le droit sous la supervision de C\u00e9cile Castaing, Ma\u00eetre de conf\u00e9rences-HDR en droit public. Ce sujet concerne une grande partie de la population mais n\u2019est finalement pas r\u00e9ellement connu. C\u2019est [&hellip;]<\/p>\n","protected":false},"author":1,"featured_media":0,"parent":0,"menu_order":0,"comment_status":"closed","ping_status":"closed","template":"","meta":{"footnotes":""},"_links":{"self":[{"href":"https:\/\/www.cliniquedudroit.fr\/index.php\/wp-json\/wp\/v2\/pages\/523"}],"collection":[{"href":"https:\/\/www.cliniquedudroit.fr\/index.php\/wp-json\/wp\/v2\/pages"}],"about":[{"href":"https:\/\/www.cliniquedudroit.fr\/index.php\/wp-json\/wp\/v2\/types\/page"}],"author":[{"embeddable":true,"href":"https:\/\/www.cliniquedudroit.fr\/index.php\/wp-json\/wp\/v2\/users\/1"}],"replies":[{"embeddable":true,"href":"https:\/\/www.cliniquedudroit.fr\/index.php\/wp-json\/wp\/v2\/comments?post=523"}],"version-history":[{"count":1,"href":"https:\/\/www.cliniquedudroit.fr\/index.php\/wp-json\/wp\/v2\/pages\/523\/revisions"}],"predecessor-version":[{"id":525,"href":"https:\/\/www.cliniquedudroit.fr\/index.php\/wp-json\/wp\/v2\/pages\/523\/revisions\/525"}],"wp:attachment":[{"href":"https:\/\/www.cliniquedudroit.fr\/index.php\/wp-json\/wp\/v2\/media?parent=523"}],"curies":[{"name":"wp","href":"https:\/\/api.w.org\/{rel}","templated":true}]}}