{"id":837,"date":"2022-07-11T16:44:10","date_gmt":"2022-07-11T14:44:10","guid":{"rendered":"https:\/\/www.cliniquedudroit.fr\/?page_id=837"},"modified":"2022-07-11T16:44:12","modified_gmt":"2022-07-11T14:44:12","slug":"foire-aux-questions-2","status":"publish","type":"page","link":"https:\/\/www.cliniquedudroit.fr\/index.php\/foire-aux-questions-2\/","title":{"rendered":"Foire aux questions"},"content":{"rendered":"\n<h5 class=\"wp-block-heading\">Questions Service d\u2019Information Juridique<\/h5>\n\n\n\n<ul><li><strong>Est-ce un service r\u00e9serv\u00e9 aux \u00e9tudiants&nbsp;?<\/strong><\/li><\/ul>\n\n\n\n<p>Non. Le SIJ est ouvert \u00e0 tous, sans conditions. Le service est anim\u00e9 par des \u00e9tudiants mais est destin\u00e9 \u00e0 toute personne ayant besoin d\u2019une information juridique.<\/p>\n\n\n\n<ul><li><strong>Le service est-il gratuit&nbsp;?<\/strong><\/li><\/ul>\n\n\n\n<p>Oui. Ce service est totalement gratuit. Les \u00e9quipes d\u2019\u00e9tudiants sont b\u00e9n\u00e9voles et ne per\u00e7oivent aucune r\u00e9mun\u00e9ration. En \u00e9change de l\u2019information qu\u2019ils fournissent, eux-m\u00eames se forment et pratiquent leurs connaissances. Le service est donc bas\u00e9 sur le principe de l\u2019\u00e9change.<\/p>\n\n\n\n<ul><li><strong>Est-ce que le SIJ peut remplacer un avocat\u00a0?<\/strong><\/li><\/ul>\n\n\n\n<p>Non. Le SIJ ne se substitue pas aux professionnels. Il se situe en amont car il permet aux personnes de clarifier leurs situations afin que les personnes soient inform\u00e9es et orient\u00e9es vers les personnes ou organismes comp\u00e9tents. La Clinique du droit fournit uniquement de l\u2019information juridique. De ce fait, toute personne \u00e9tant par ailleurs suivie par un avocat ne peut avoir acc\u00e8s au SIJ du droit sur la m\u00eame probl\u00e9matique.<\/p>\n\n\n\n<ul><li><strong>Le SIJ peut-il me donner des informations par t\u00e9l\u00e9phone ou mail&nbsp;?<\/strong><\/li><\/ul>\n\n\n\n<p>Non. Le SIJ re\u00e7oit sur rendez-vous, en personne. Les personnes qui souhaitent recevoir une information juridique doivent donc se pr\u00e9senter aux deux rendez-vous pr\u00e9vus dans le r\u00e8glement de la Clinique du droit. Aucun rendez-vous \u00e0 distance, y compris visio n\u2019est r\u00e9alisable.<\/p>\n\n\n\n<ul><li><strong>Vais-je avoir une r\u00e9ponse \u00e9crite \u00e0 l\u2019issue de mes rendez-vous&nbsp;?<\/strong><\/li><\/ul>\n\n\n\n<p>Non. Le SIJ fournit des informations orales uniquement. Aucun document de r\u00e9ponse ne sera transmis. Cependant il est possible de prendre des notes durant les rendez-vous.<\/p>\n\n\n\n<ul><li><strong>Puis-je \u00eatre re\u00e7u par les professeurs de droit&nbsp;?<\/strong><\/li><\/ul>\n\n\n\n<p>Non. Les \u00e9quipes sont form\u00e9es d\u2019\u00e9tudiants uniquement. Les \u00e9tudiants sont en Master 2 ou dans d\u2019autres formations ayant un niveau similaire ou sup\u00e9rieur et disposent donc de connaissances th\u00e9oriques solides. De plus, toutes les r\u00e9ponses sont valid\u00e9es par les enseignants r\u00e9f\u00e9rents avant d\u2019\u00eatre transmises aux personnes.<\/p>\n\n\n\n<ul><li><strong>Les informations que je donne sont-elles confidentielles&nbsp;?<\/strong><\/li><\/ul>\n\n\n\n<p>Oui. Le SIJ respecte le secret professionnel et les r\u00e8gles de d\u00e9ontologie d\u00e9crites dans sa charte. Toutes les informations transmises aux \u00e9quipes sont strictement confidentielles et ne peuvent \u00eatre partag\u00e9es uniquement entre l\u2019\u00e9quipe, les enseignants r\u00e9f\u00e9rents et la responsable administrative de la Clinique du droit. Tous les \u00e9tudiants participant au SIJ signent un document rappelant cette obligation de confidentialit\u00e9.<\/p>\n\n\n\n<ul><li><strong>Je n\u2019habite pas Bordeaux, puis-je venir \u00e0 la Clinique du droit&nbsp;?<\/strong><\/li><\/ul>\n\n\n\n<p>Oui. Toute personne peut \u00eatre re\u00e7ue au SIJ si elle peut se pr\u00e9senter aux rendez-vous dans les locaux de la Clinique du droit, 35 place Pey-Berland, Bordeaux.<\/p>\n\n\n\n<ul><li><strong>Que puis-je faire si la Clinique du droit ne peut pas me recevoir&nbsp;?<\/strong><\/li><\/ul>\n\n\n\n<p>S\u2019il n\u2019est pas possible de vous recevoir au SIJ (par exemple si les cr\u00e9neaux horaires ne correspondent pas \u00e0 vos disponibilit\u00e9s), la Clinique du droit peut vous indiquer d\u2019autres structures d\u2019acc\u00e8s au droit pouvant \u00e9ventuellement r\u00e9pondre \u00e0 vos questions.<\/p>\n\n\n\n<h5 class=\"wp-block-heading\">Questions Objectifs droits<\/h5>\n\n\n\n<ul><li><strong>Les \u00e9tudiants peuvent-ils eux-m\u00eames constituer des groupes&nbsp;?<\/strong><\/li><\/ul>\n\n\n\n<p>Non. Les \u00e9tudiants s\u2019inscrivent par le biais du questionnaire en ligne mais c\u2019est l\u2019\u00e9quipe de la Clinique qui s\u00e9lectionne les \u00e9tudiants (par ordre d\u2019inscription) et qui forme les groupes en fonction des disciplines n\u00e9cessaires au traitement de chaque intervention.<\/p>\n\n\n\n<ul><li><strong>Sur quels th\u00e8mes les \u00e9tudiants interviennent-ils&nbsp;?<\/strong><\/li><\/ul>\n\n\n\n<p>Les \u00e9tudiants peuvent intervenir sur une tr\u00e8s grande diversit\u00e9 de th\u00e8mes. Concernant les \u00e9l\u00e8ves un lien devra \u00eatre fait pour les programmes scolaires. Les \u00e9tudiants s\u2019adaptent \u00e0 leur public pour apporter un point de vue juridique de fa\u00e7on simple, concr\u00e8te et ludique.&nbsp; A vous de proposer le th\u00e8me que vous souhaiterez en lien avec votre projet. Nous pourrons l\u2019affiner avec vous.<\/p>\n\n\n\n<ul><li><strong>Dans quel p\u00e9rim\u00e8tre g\u00e9ographique les \u00e9tudiants peuvent-ils r\u00e9aliser les interventions&nbsp;?<\/strong><\/li><\/ul>\n\n\n\n<p>Les \u00e9tudiants peuvent se d\u00e9placer dans tout le p\u00e9rim\u00e8tre de l\u2019ancienne r\u00e9gion Aquitaine.<\/p>\n\n\n\n<ul><li><strong>Combien de temps durent les interventions&nbsp;?<\/strong><\/li><\/ul>\n\n\n\n<p>Chaque intervention dure deux heures. Le temps n\u00e9cessaire pour assoir les notions essentielles en organisant des activit\u00e9s n\u00e9cessaires \u00e0 leur bonne transmission.<\/p>\n\n\n\n<ul><li><strong>Les \u00e9tudiants se d\u00e9placent-ils pour intervenir devant un seul public ou est-il pr\u00e9f\u00e9rable si cela est possible de les faire intervenir plusieurs fois&nbsp;?<\/strong><\/li><\/ul>\n\n\n\n<p>Chaque groupe d\u2019\u00e9tudiant pr\u00e9pare un sujet d\u2019intervention pour un public donn\u00e9 auquel ils vont adapter le traitement du sujet. Pour l\u2019apprentissage des \u00e9tudiants il est important pour eux de pouvoir r\u00e9aliser l\u2019intervention au moins deux fois et \u00eatre confront\u00e9 \u00e0 plusieurs publics du m\u00eame type, par exemple plusieurs classes d\u2019un m\u00eame niveau. Pour des sujets bien sp\u00e9cifiques il est tout de m\u00eame possible d\u2019envisager une seule intervention apr\u00e8s discussion avec l\u2019\u00e9quipe de la Clinique du droit.<\/p>\n\n\n\n<ul><li><strong>Les interventions sont-elles payantes&nbsp;?<\/strong><\/li><\/ul>\n\n\n\n<p>En partenariat avec le rectorat de Bordeaux, les interventions sont gratuites pour les \u00e9tablissements scolaires qui en rel\u00e8vent.<\/p>\n\n\n\n<p>Pour les autres demandeurs d\u2019intervention, une grille tarifaire est disponible sur demande.<\/p>\n\n\n\n<ul><li><strong>Un encadrant de la structure demandant l\u2019intervention doit-il \u00eatre pr\u00e9sent pendant l\u2019intervention&nbsp;?<\/strong><\/li><\/ul>\n\n\n\n<p>Il est n\u00e9cessaire qu\u2019un encadrant soit pr\u00e9sent pendant l\u2019intervention.<\/p>\n\n\n\n<h5 class=\"wp-block-heading\">Recherche en action<\/h5>\n\n\n\n<ul><li><strong>Puis-je proposer des th\u00e8mes de recherche en lien avec ma structure, mon entreprise, mon association&nbsp;?&nbsp; et quand&nbsp;?<\/strong><\/li><\/ul>\n\n\n\n<p>Il est tout \u00e0 fait possible de proposer un th\u00e8me de recherche en lien avec votre activit\u00e9. Il suffit de contacter la Clinique du droit (mail, t\u00e9l\u00e9phone ou en personne) et l\u2019\u00e9quipe p\u00e9dagogique traitera votre demande.<\/p>\n\n\n\n<ul><li><strong>Combien de temps dure le traitement du th\u00e8me par les \u00e9tudiants&nbsp;?<\/strong><\/li><\/ul>\n\n\n\n<p>Cela d\u00e9pend des th\u00e9matiques envisag\u00e9es. Certaines sp\u00e9cialit\u00e9s sont trait\u00e9es par les \u00e9tudiants sur deux ans et d\u2019autres sur un an.<\/p>\n\n\n\n<ul><li><strong>O\u00f9 puis-je trouver les rapports produits par les \u00e9tudiants les ann\u00e9es pr\u00e9c\u00e9dentes&nbsp;?<\/strong><\/li><\/ul>\n\n\n\n<p>Les rapports produits par les \u00e9tudiants chaque ann\u00e9e sont tous disponibles sur notre site en cliquant sur l&#8217;onglet &#8220;Nos enseignements&#8221; puis en naviguant dans les archives. <\/p>\n\n\n\n<ul><li><strong>Le s\u00e9minaire de restitution d\u2019une Recherche en Action est-il accessible \u00e0 tous&nbsp;?<\/strong><\/li><\/ul>\n\n\n\n<p>Oui, les s\u00e9minaires, sur inscription, sont accessibles \u00e0 tous. Les informations concernant les s\u00e9minaires organis\u00e9s sont accessibles sur le site et nos r\u00e9seaux sociaux.<\/p>\n\n\n\n<h5 class=\"wp-block-heading\">G\u00e9n\u00e9ral<\/h5>\n\n\n\n<ul><li><strong>Quels enseignements sont ouverts aux \u00e9tudiants de Master 1&nbsp;? De Master 2&nbsp;?<\/strong><\/li><\/ul>\n\n\n\n<p>Objectif droits n\u2019est ouvert qu\u2019aux \u00e9tudiants de M1. Certaines Recherches en action commencent d\u00e8s le M1. Le reste des enseignements est ouvert aux \u00e9tudiants de Master 2.<\/p>\n\n\n\n<ul><li><strong>Les enseignements sont-ils obligatoires&nbsp;?<\/strong><\/li><\/ul>\n\n\n\n<p>Certains enseignements peuvent \u00eatre obligatoires en fonction du master dans lequel l\u2019\u00e9tudiant est inscrit. Obligatoires ou non, Recherche en action, Approfondissement des cas cliniques, Parcours comp\u00e9tence et le Service d\u2019information juridique ne peuvent \u00eatre propos\u00e9s qu\u2019aux parcours de masters qui int\u00e8grent ces enseignements dans leurs maquettes p\u00e9dagogiques. Objectif droits est accessible \u00e0 tout \u00e9tudiant de Master 1 volontaire.<\/p>\n","protected":false},"excerpt":{"rendered":"<p>Questions Service d\u2019Information Juridique Est-ce un service r\u00e9serv\u00e9 aux \u00e9tudiants&nbsp;? Non. Le SIJ est ouvert \u00e0 tous, sans conditions. Le service est anim\u00e9 par des \u00e9tudiants mais est destin\u00e9 \u00e0 toute personne ayant besoin d\u2019une information juridique. Le service est-il gratuit&nbsp;? Oui. Ce service est totalement gratuit. Les \u00e9quipes d\u2019\u00e9tudiants sont b\u00e9n\u00e9voles et ne per\u00e7oivent [&hellip;]<\/p>\n","protected":false},"author":1,"featured_media":0,"parent":0,"menu_order":0,"comment_status":"closed","ping_status":"closed","template":"","meta":{"footnotes":""},"_links":{"self":[{"href":"https:\/\/www.cliniquedudroit.fr\/index.php\/wp-json\/wp\/v2\/pages\/837"}],"collection":[{"href":"https:\/\/www.cliniquedudroit.fr\/index.php\/wp-json\/wp\/v2\/pages"}],"about":[{"href":"https:\/\/www.cliniquedudroit.fr\/index.php\/wp-json\/wp\/v2\/types\/page"}],"author":[{"embeddable":true,"href":"https:\/\/www.cliniquedudroit.fr\/index.php\/wp-json\/wp\/v2\/users\/1"}],"replies":[{"embeddable":true,"href":"https:\/\/www.cliniquedudroit.fr\/index.php\/wp-json\/wp\/v2\/comments?post=837"}],"version-history":[{"count":3,"href":"https:\/\/www.cliniquedudroit.fr\/index.php\/wp-json\/wp\/v2\/pages\/837\/revisions"}],"predecessor-version":[{"id":840,"href":"https:\/\/www.cliniquedudroit.fr\/index.php\/wp-json\/wp\/v2\/pages\/837\/revisions\/840"}],"wp:attachment":[{"href":"https:\/\/www.cliniquedudroit.fr\/index.php\/wp-json\/wp\/v2\/media?parent=837"}],"curies":[{"name":"wp","href":"https:\/\/api.w.org\/{rel}","templated":true}]}}