{"id":877,"date":"2022-07-22T09:51:56","date_gmt":"2022-07-22T07:51:56","guid":{"rendered":"https:\/\/www.cliniquedudroit.fr\/?page_id=877"},"modified":"2022-08-23T16:10:17","modified_gmt":"2022-08-23T14:10:17","slug":"participer-beneficier","status":"publish","type":"page","link":"https:\/\/www.cliniquedudroit.fr\/index.php\/participer-beneficier\/","title":{"rendered":"PARTICIPER \/ BENEFICIER"},"content":{"rendered":"\n<p>Vous-\u00eates usager et vous souhaitez<a href=\"https:\/\/www.cliniquedudroit.fr\/index.php\/beneficier-des-services-de-la-clinique-du-droit\/\" data-type=\"page\" data-id=\"880\"> b\u00e9n\u00e9ficier des services de la Clinique du droit ? <\/a><\/p>\n\n\n\n<p>Vous \u00eates \u00e9tudiants et vous souhaitez <a href=\"https:\/\/www.cliniquedudroit.fr\/index.php\/participer-aux-enseignements-de-la-clinique-du-droit\/\" data-type=\"page\" data-id=\"938\">participer \u00e0 un enseignement de la Clinique du droit ? <\/a><\/p>\n","protected":false},"excerpt":{"rendered":"<p>Vous-\u00eates usager et vous souhaitez b\u00e9n\u00e9ficier des services de la Clinique du droit ? Vous \u00eates \u00e9tudiants et vous souhaitez participer \u00e0 un enseignement de la Clinique du droit ?<\/p>\n","protected":false},"author":1,"featured_media":0,"parent":0,"menu_order":0,"comment_status":"closed","ping_status":"closed","template":"","meta":{"footnotes":""},"_links":{"self":[{"href":"https:\/\/www.cliniquedudroit.fr\/index.php\/wp-json\/wp\/v2\/pages\/877"}],"collection":[{"href":"https:\/\/www.cliniquedudroit.fr\/index.php\/wp-json\/wp\/v2\/pages"}],"about":[{"href":"https:\/\/www.cliniquedudroit.fr\/index.php\/wp-json\/wp\/v2\/types\/page"}],"author":[{"embeddable":true,"href":"https:\/\/www.cliniquedudroit.fr\/index.php\/wp-json\/wp\/v2\/users\/1"}],"replies":[{"embeddable":true,"href":"https:\/\/www.cliniquedudroit.fr\/index.php\/wp-json\/wp\/v2\/comments?post=877"}],"version-history":[{"count":4,"href":"https:\/\/www.cliniquedudroit.fr\/index.php\/wp-json\/wp\/v2\/pages\/877\/revisions"}],"predecessor-version":[{"id":942,"href":"https:\/\/www.cliniquedudroit.fr\/index.php\/wp-json\/wp\/v2\/pages\/877\/revisions\/942"}],"wp:attachment":[{"href":"https:\/\/www.cliniquedudroit.fr\/index.php\/wp-json\/wp\/v2\/media?parent=877"}],"curies":[{"name":"wp","href":"https:\/\/api.w.org\/{rel}","templated":true}]}}