{"id":880,"date":"2022-07-22T10:07:23","date_gmt":"2022-07-22T08:07:23","guid":{"rendered":"https:\/\/www.cliniquedudroit.fr\/?page_id=880"},"modified":"2026-02-02T09:00:05","modified_gmt":"2026-02-02T08:00:05","slug":"beneficier-des-services-de-la-clinique-du-droit","status":"publish","type":"page","link":"https:\/\/www.cliniquedudroit.fr\/index.php\/beneficier-des-services-de-la-clinique-du-droit\/","title":{"rendered":"BENEFICIER DES SERVICES DE LA CLINIQUE DU DROIT"},"content":{"rendered":"\n<p>Vous-\u00eates usager et vous souhaitez b\u00e9n\u00e9ficier des services de la Clinique du droit ?  Cliquez sur les liens ci-dessous. <\/p>\n\n\n\n<p>Vous souhaitez b\u00e9n\u00e9ficier d&#8217;une information juridique sur votre probl\u00e9matique ? <a href=\"https:\/\/www.cliniquedudroit.fr\/index.php\/leservicedinformationjuridique\/\" data-type=\"link\" data-id=\"https:\/\/www.cliniquedudroit.fr\/index.php\/la-protection-du-conjoint-survivant\/\">C&#8217;est le Service d&#8217;Information Juridique (SIJ) qu&#8217;il vous faut. <\/a><\/p>\n\n\n\n<p>Vous souhaitez b\u00e9n\u00e9ficier, pour votre classe, votre association, votre structure, d&#8217;une information juridique sur une th\u00e9matique donn\u00e9e qu&#8217;un petite groupe d&#8217;\u00e9tudiants pr\u00e9sentera ? <a href=\"https:\/\/www.cliniquedudroit.fr\/index.php\/objectif-droits-2\/\" data-type=\"link\" data-id=\"https:\/\/www.cliniquedudroit.fr\/index.php\/objectif-droits-2\/\">C&#8217;est Objectif Droits qui conviendra le mieux.<\/a><\/p>\n\n\n\n<p>Vous souhaitez un travail approfondi et pluridisciplinaire sur un ou deux ans par nos \u00e9tudiants sur une th\u00e9matique pr\u00e9cise ? Vous souhaitez obtenir un rapport et des recommandations \u00e0 l&#8217;issue ? <a href=\"https:\/\/www.cliniquedudroit.fr\/index.php\/beneficier-dune-recherche-en-action\/\" data-type=\"page\" data-id=\"899\">C&#8217;est Recherche en Action qui correspond. <\/a><\/p>\n","protected":false},"excerpt":{"rendered":"<p>Vous-\u00eates usager et vous souhaitez b\u00e9n\u00e9ficier des services de la Clinique du droit ? Cliquez sur les liens ci-dessous. Vous souhaitez b\u00e9n\u00e9ficier d&#8217;une information juridique sur votre probl\u00e9matique ? C&#8217;est le Service d&#8217;Information Juridique (SIJ) qu&#8217;il vous faut. Vous souhaitez b\u00e9n\u00e9ficier, pour votre classe, votre association, votre structure, d&#8217;une information juridique sur une th\u00e9matique donn\u00e9e [&hellip;]<\/p>\n","protected":false},"author":1,"featured_media":0,"parent":0,"menu_order":0,"comment_status":"closed","ping_status":"closed","template":"","meta":{"footnotes":""},"_links":{"self":[{"href":"https:\/\/www.cliniquedudroit.fr\/index.php\/wp-json\/wp\/v2\/pages\/880"}],"collection":[{"href":"https:\/\/www.cliniquedudroit.fr\/index.php\/wp-json\/wp\/v2\/pages"}],"about":[{"href":"https:\/\/www.cliniquedudroit.fr\/index.php\/wp-json\/wp\/v2\/types\/page"}],"author":[{"embeddable":true,"href":"https:\/\/www.cliniquedudroit.fr\/index.php\/wp-json\/wp\/v2\/users\/1"}],"replies":[{"embeddable":true,"href":"https:\/\/www.cliniquedudroit.fr\/index.php\/wp-json\/wp\/v2\/comments?post=880"}],"version-history":[{"count":6,"href":"https:\/\/www.cliniquedudroit.fr\/index.php\/wp-json\/wp\/v2\/pages\/880\/revisions"}],"predecessor-version":[{"id":2029,"href":"https:\/\/www.cliniquedudroit.fr\/index.php\/wp-json\/wp\/v2\/pages\/880\/revisions\/2029"}],"wp:attachment":[{"href":"https:\/\/www.cliniquedudroit.fr\/index.php\/wp-json\/wp\/v2\/media?parent=880"}],"curies":[{"name":"wp","href":"https:\/\/api.w.org\/{rel}","templated":true}]}}