{"id":899,"date":"2022-07-22T11:34:37","date_gmt":"2022-07-22T09:34:37","guid":{"rendered":"https:\/\/www.cliniquedudroit.fr\/?page_id=899"},"modified":"2022-07-22T11:34:39","modified_gmt":"2022-07-22T09:34:39","slug":"beneficier-dune-recherche-en-action","status":"publish","type":"page","link":"https:\/\/www.cliniquedudroit.fr\/index.php\/beneficier-dune-recherche-en-action\/","title":{"rendered":"BENEFICIER D&#8217;UNE RECHERCHE EN ACTION"},"content":{"rendered":"\n<div style=\"width: 100%;\"><div style=\"position: relative; padding-bottom: 56.25%; padding-top: 0; height: 0;\"><iframe loading=\"lazy\" frameborder=\"0\" width=\"1200\" height=\"675\" style=\"position: absolute; top: 0; left: 0; width: 100%; height: 100%;\" src=\"https:\/\/view.genial.ly\/62da6e6bd642d70018cc75aa\" type=\"text\/html\" allowscriptaccess=\"always\" allowfullscreen=\"true\" scrolling=\"yes\" allownetworking=\"all\"><\/iframe> <\/div> <\/div>\n\n\n\n<p><em>Vous \u00eates int\u00e9ress\u00e9 par ce projet pour une th\u00e9matique particuli\u00e8re ?<\/em><\/p>\n\n\n\n<p>Contactez la Clinique du droit (toutes les informations contact <a href=\"https:\/\/www.cliniquedudroit.fr\/index.php\/nous-contacter\/\" data-type=\"page\" data-id=\"135\">ici<\/a>) afin de nous faire part de votre besoin. Notre \u00e9quipe vous r\u00e9pondra dans les meilleurs d\u00e9lais\u00a0! <\/p>\n","protected":false},"excerpt":{"rendered":"<p>Vous \u00eates int\u00e9ress\u00e9 par ce projet pour une th\u00e9matique particuli\u00e8re ? Contactez la Clinique du droit (toutes les informations contact ici) afin de nous faire part de votre besoin. Notre \u00e9quipe vous r\u00e9pondra dans les meilleurs d\u00e9lais\u00a0!<\/p>\n","protected":false},"author":1,"featured_media":0,"parent":0,"menu_order":0,"comment_status":"closed","ping_status":"closed","template":"","meta":{"footnotes":""},"_links":{"self":[{"href":"https:\/\/www.cliniquedudroit.fr\/index.php\/wp-json\/wp\/v2\/pages\/899"}],"collection":[{"href":"https:\/\/www.cliniquedudroit.fr\/index.php\/wp-json\/wp\/v2\/pages"}],"about":[{"href":"https:\/\/www.cliniquedudroit.fr\/index.php\/wp-json\/wp\/v2\/types\/page"}],"author":[{"embeddable":true,"href":"https:\/\/www.cliniquedudroit.fr\/index.php\/wp-json\/wp\/v2\/users\/1"}],"replies":[{"embeddable":true,"href":"https:\/\/www.cliniquedudroit.fr\/index.php\/wp-json\/wp\/v2\/comments?post=899"}],"version-history":[{"count":2,"href":"https:\/\/www.cliniquedudroit.fr\/index.php\/wp-json\/wp\/v2\/pages\/899\/revisions"}],"predecessor-version":[{"id":1087,"href":"https:\/\/www.cliniquedudroit.fr\/index.php\/wp-json\/wp\/v2\/pages\/899\/revisions\/1087"}],"wp:attachment":[{"href":"https:\/\/www.cliniquedudroit.fr\/index.php\/wp-json\/wp\/v2\/media?parent=899"}],"curies":[{"name":"wp","href":"https:\/\/api.w.org\/{rel}","templated":true}]}}