{"id":938,"date":"2022-08-23T16:05:43","date_gmt":"2022-08-23T14:05:43","guid":{"rendered":"https:\/\/www.cliniquedudroit.fr\/?page_id=938"},"modified":"2026-02-02T08:59:40","modified_gmt":"2026-02-02T07:59:40","slug":"participer-aux-enseignements-de-la-clinique-du-droit","status":"publish","type":"page","link":"https:\/\/www.cliniquedudroit.fr\/index.php\/participer-aux-enseignements-de-la-clinique-du-droit\/","title":{"rendered":"PARTICIPER AUX ENSEIGNEMENTS DE LA CLINIQUE DU DROIT"},"content":{"rendered":"\n<p>Vous \u00eates \u00e9tudiant en Master 1, Master 2, en IEJ ou doctorant de l&#8217;Universit\u00e9 de Bordeaux ? Vous pouvez participer aux enseignements de la Clinique du droit ! <\/p>\n\n\n\n<p>Pour les d\u00e9couvrir, n&#8217;h\u00e9sitez pas \u00e0 consulter la page &#8220;<a href=\"https:\/\/www.cliniquedudroit.fr\/index.php\/lenseignement-clinique-du-droit\/\" data-type=\"page\" data-id=\"19\">Nos enseignements<\/a>&#8220;.<\/p>\n\n\n\n<p>Pour participer \u00e0 l&#8217;enseignement Objectif droits, rendez-vous <a href=\"https:\/\/www.cliniquedudroit.fr\/index.php\/objectif-droits-2\/\" data-type=\"link\" data-id=\"https:\/\/www.cliniquedudroit.fr\/index.php\/objectif-droits-2\/\">ici<\/a>.<\/p>\n\n\n\n<p>Pour participer \u00e0 l&#8217;enseignement Service d&#8217;Information Juridique, rendez-vous <a href=\"https:\/\/www.cliniquedudroit.fr\/index.php\/leservicedinformationjuridique\/\" data-type=\"link\" data-id=\"https:\/\/www.cliniquedudroit.fr\/index.php\/la-protection-du-conjoint-survivant\/\">ici<\/a>.<\/p>\n","protected":false},"excerpt":{"rendered":"<p>Vous \u00eates \u00e9tudiant en Master 1, Master 2, en IEJ ou doctorant de l&#8217;Universit\u00e9 de Bordeaux ? Vous pouvez participer aux enseignements de la Clinique du droit ! Pour les d\u00e9couvrir, n&#8217;h\u00e9sitez pas \u00e0 consulter la page &#8220;Nos enseignements&#8220;. Pour participer \u00e0 l&#8217;enseignement Objectif droits, rendez-vous ici. Pour participer \u00e0 l&#8217;enseignement Service d&#8217;Information Juridique, rendez-vous [&hellip;]<\/p>\n","protected":false},"author":1,"featured_media":0,"parent":0,"menu_order":0,"comment_status":"closed","ping_status":"closed","template":"","meta":{"footnotes":""},"_links":{"self":[{"href":"https:\/\/www.cliniquedudroit.fr\/index.php\/wp-json\/wp\/v2\/pages\/938"}],"collection":[{"href":"https:\/\/www.cliniquedudroit.fr\/index.php\/wp-json\/wp\/v2\/pages"}],"about":[{"href":"https:\/\/www.cliniquedudroit.fr\/index.php\/wp-json\/wp\/v2\/types\/page"}],"author":[{"embeddable":true,"href":"https:\/\/www.cliniquedudroit.fr\/index.php\/wp-json\/wp\/v2\/users\/1"}],"replies":[{"embeddable":true,"href":"https:\/\/www.cliniquedudroit.fr\/index.php\/wp-json\/wp\/v2\/comments?post=938"}],"version-history":[{"count":4,"href":"https:\/\/www.cliniquedudroit.fr\/index.php\/wp-json\/wp\/v2\/pages\/938\/revisions"}],"predecessor-version":[{"id":2028,"href":"https:\/\/www.cliniquedudroit.fr\/index.php\/wp-json\/wp\/v2\/pages\/938\/revisions\/2028"}],"wp:attachment":[{"href":"https:\/\/www.cliniquedudroit.fr\/index.php\/wp-json\/wp\/v2\/media?parent=938"}],"curies":[{"name":"wp","href":"https:\/\/api.w.org\/{rel}","templated":true}]}}